{"id":4938,"date":"2025-06-05T19:13:37","date_gmt":"2025-06-06T01:13:37","guid":{"rendered":"http:\/\/ajtel.net\/W\/?page_id=4938"},"modified":"2026-01-09T21:33:54","modified_gmt":"2026-01-10T03:33:54","slug":"negocio","status":"publish","type":"page","link":"https:\/\/ajtel.net\/W\/negocio\/","title":{"rendered":"Telefon\u00eda Negocio"},"content":{"rendered":"\t\t<div data-elementor-type=\"wp-page\" data-elementor-id=\"4938\" class=\"elementor elementor-4938\" data-elementor-post-type=\"page\">\n\t\t\t\t\t\t<section class=\"elementor-section elementor-top-section elementor-element elementor-element-fd72c0c elementor-section-boxed elementor-section-height-default elementor-section-height-default exad-glass-effect-no exad-sticky-section-no\" data-id=\"fd72c0c\" data-element_type=\"section\" data-e-type=\"section\">\n\t\t\t\t\t\t<div class=\"elementor-container elementor-column-gap-default\">\n\t\t\t\t\t<div class=\"elementor-column elementor-col-100 elementor-top-column elementor-element elementor-element-996fe87 exad-glass-effect-no exad-sticky-section-no\" data-id=\"996fe87\" data-element_type=\"column\" data-e-type=\"column\">\n\t\t\t<div class=\"elementor-widget-wrap elementor-element-populated\">\n\t\t\t\t\t\t<div class=\"elementor-element elementor-element-1b123e7 exad-sticky-section-no exad-glass-effect-no elementor-widget elementor-widget-html\" data-id=\"1b123e7\" data-element_type=\"widget\" data-e-type=\"widget\" data-widget_type=\"html.default\">\n\t\t\t\t\t<!DOCTYPE html>\r\n<html lang=\"es\">\r\n<head>\r\n  <meta charset=\"UTF-8\">\r\n  <meta name=\"viewport\" content=\"width=device-width, initial-scale=1.0\">\r\n  <title>Telefon\u00eda Negocio - AJTEL Comunicaciones<\/title>\r\n  <style>\r\n    * { margin: 0; padding: 0; box-sizing: border-box; }\r\n    body { \r\n      font-family: 'Segoe UI', Tahoma, Geneva, Verdana, sans-serif;\r\n      background: linear-gradient(135deg, #f5f7fa 0%, #c3cfe2 100%);\r\n      color: #333;\r\n    }\r\n    \r\n    .ajtel-container { max-width: 1200px; margin: 0 auto; padding: 50px 25px; }\r\n    \r\n    \/* Hero Section *\/\r\n    .ajtel-hero-negocio {\r\n      background: linear-gradient(135deg, rgba(26,115,232,0.15) 0%, rgba(52,168,83,0.1) 100%);\r\n      backdrop-filter: blur(20px);\r\n      border-radius: 20px;\r\n      padding: 60px 50px;\r\n      margin-bottom: 60px;\r\n      border: 1px solid rgba(255,255,255,0.4);\r\n      box-shadow: 0 15px 40px rgba(0,0,0,0.15);\r\n      text-align: center;\r\n    }\r\n    \r\n    .ajtel-hero-negocio h1 {\r\n      font-size: 2.8em;\r\n      color: #1a73e8;\r\n      margin-bottom: 15px;\r\n      font-weight: 700;\r\n    }\r\n    \r\n    .ajtel-hero-negocio p {\r\n      font-size: 1.2em;\r\n      color: #555;\r\n      margin-bottom: 30px;\r\n      line-height: 1.8;\r\n    }\r\n    \r\n    .ajtel-hero-image {\r\n      max-width: 250px;\r\n      margin: 30px auto;\r\n    }\r\n    \r\n    .ajtel-hero-image img {\r\n      width: 100%;\r\n      height: auto;\r\n    }\r\n    \r\n    \/* Benefits Grid *\/\r\n    .ajtel-benefits-section {\r\n      margin: 60px 0;\r\n    }\r\n    \r\n    .ajtel-benefits-section h2 {\r\n      text-align: center;\r\n      color: #1a73e8;\r\n      font-size: 2em;\r\n      margin-bottom: 40px;\r\n      font-weight: 700;\r\n    }\r\n    \r\n    .ajtel-benefits-grid {\r\n      display: grid;\r\n      grid-template-columns: repeat(auto-fit, minmax(320px, 1fr));\r\n      gap: 25px;\r\n    }\r\n    \r\n    .ajtel-benefit-card {\r\n      background: rgba(255,255,255,0.85);\r\n      backdrop-filter: blur(20px);\r\n      border-radius: 20px;\r\n      padding: 35px;\r\n      border: 1px solid rgba(255,255,255,0.4);\r\n      box-shadow: 0 10px 30px rgba(0,0,0,0.08);\r\n      transition: all 0.35s cubic-bezier(0.23, 1, 0.320, 1);\r\n    }\r\n    \r\n    .ajtel-benefit-card:hover {\r\n      transform: translateY(-10px);\r\n      box-shadow: 0 20px 50px rgba(0,0,0,0.12);\r\n    }\r\n    \r\n    .ajtel-benefit-card h3 {\r\n      color: #1a73e8;\r\n      font-size: 1.2em;\r\n      margin-bottom: 15px;\r\n      font-weight: 700;\r\n    }\r\n    \r\n    .ajtel-benefit-card p, .ajtel-benefit-card li {\r\n      color: #555;\r\n      line-height: 1.6;\r\n      font-size: 0.95em;\r\n      margin-bottom: 8px;\r\n    }\r\n    \r\n    .ajtel-benefit-card ul {\r\n      margin-left: 20px;\r\n      list-style: disc;\r\n    }\r\n    \r\n    .ajtel-benefit-icon {\r\n      font-size: 2em;\r\n      margin-bottom: 15px;\r\n    }\r\n    \r\n    \/* Pricing Section *\/\r\n    .ajtel-pricing-section {\r\n      margin: 60px 0;\r\n    }\r\n    \r\n    .ajtel-pricing-section h2 {\r\n      text-align: center;\r\n      color: #1a73e8;\r\n      font-size: 2em;\r\n      margin-bottom: 50px;\r\n      font-weight: 700;\r\n    }\r\n    \r\n    .ajtel-pricing-grid {\r\n      display: grid;\r\n      grid-template-columns: repeat(auto-fit, minmax(300px, 1fr));\r\n      gap: 30px;\r\n      margin-bottom: 40px;\r\n    }\r\n    \r\n    .ajtel-price-card {\r\n      background: rgba(255,255,255,0.85);\r\n      backdrop-filter: blur(20px);\r\n      border-radius: 20px;\r\n      padding: 40px;\r\n      border: 1px solid rgba(255,255,255,0.4);\r\n      box-shadow: 0 15px 40px rgba(0,0,0,0.15);\r\n      text-align: center;\r\n      transition: all 0.35s cubic-bezier(0.23, 1, 0.320, 1);\r\n    }\r\n    \r\n    .ajtel-price-card:hover {\r\n      transform: translateY(-8px);\r\n      box-shadow: 0 25px 60px rgba(0,0,0,0.2);\r\n    }\r\n    \r\n    .ajtel-price-title {\r\n      color: #1a73e8;\r\n      font-size: 1.4em;\r\n      font-weight: 700;\r\n      margin-bottom: 15px;\r\n    }\r\n    \r\n    .ajtel-price-amount {\r\n      font-size: 2.5em;\r\n      color: #34a853;\r\n      font-weight: 700;\r\n      margin: 15px 0;\r\n    }\r\n    \r\n    .ajtel-price-detail {\r\n      color: #666;\r\n      font-size: 0.95em;\r\n      margin: 10px 0;\r\n      line-height: 1.6;\r\n    }\r\n    \r\n    .ajtel-price-description {\r\n      color: #555;\r\n      font-size: 0.9em;\r\n      margin: 20px 0;\r\n      font-style: italic;\r\n    }\r\n    \r\n    \/* Platforms Section *\/\r\n    .ajtel-platforms-section {\r\n      background: linear-gradient(135deg, rgba(26,115,232,0.12) 0%, rgba(52,168,83,0.08) 100%);\r\n      backdrop-filter: blur(20px);\r\n      border-radius: 20px;\r\n      padding: 50px 40px;\r\n      margin: 60px 0;\r\n      border: 1px solid rgba(26,115,232,0.2);\r\n      box-shadow: 0 10px 30px rgba(0,0,0,0.06);\r\n      text-align: center;\r\n    }\r\n    \r\n    .ajtel-platforms-section h2 {\r\n      color: #1a73e8;\r\n      font-size: 1.8em;\r\n      margin-bottom: 30px;\r\n      font-weight: 700;\r\n    }\r\n    \r\n    .ajtel-platforms-grid {\r\n      display: flex;\r\n      justify-content: center;\r\n      align-items: center;\r\n      gap: 40px;\r\n      flex-wrap: wrap;\r\n    }\r\n    \r\n    .ajtel-platform-item {\r\n      display: flex;\r\n      flex-direction: column;\r\n      align-items: center;\r\n      gap: 10px;\r\n    }\r\n    \r\n    .ajtel-platform-icon {\r\n      width: 60px;\r\n      height: 60px;\r\n      display: flex;\r\n      align-items: center;\r\n      justify-content: center;\r\n    }\r\n    \r\n    .ajtel-platform-icon img {\r\n      width: 100%;\r\n      height: 100%;\r\n      object-fit: contain;\r\n    }\r\n    \r\n    .ajtel-platform-name {\r\n      color: #1a73e8;\r\n      font-weight: 600;\r\n      font-size: 0.95em;\r\n    }\r\n    \r\n    \/* Important Section *\/\r\n    .ajtel-important-negocio {\r\n      background: linear-gradient(135deg, rgba(26,115,232,0.85) 0%, rgba(13,153,216,0.85) 50%, rgba(52,168,83,0.85) 100%);\r\n      backdrop-filter: blur(20px);\r\n      border-radius: 20px;\r\n      padding: 50px 40px;\r\n      margin: 60px 0;\r\n      box-shadow: 0 20px 50px rgba(26,115,232,0.3);\r\n      text-align: center;\r\n    }\r\n    \r\n    .ajtel-important-negocio h2 {\r\n      color: white;\r\n      font-size: 1.8em;\r\n      margin-bottom: 20px;\r\n      font-weight: 700;\r\n    }\r\n    \r\n    .ajtel-important-negocio p {\r\n      color: white;\r\n      font-size: 1em;\r\n      margin: 15px 0;\r\n      line-height: 1.8;\r\n      max-width: 800px;\r\n      margin-left: auto;\r\n      margin-right: auto;\r\n    }\r\n    \r\n    \/* Portability Section *\/\r\n    .ajtel-portability-negocio {\r\n      background: linear-gradient(135deg, rgba(26,115,232,0.12) 0%, rgba(52,168,83,0.08) 100%);\r\n      backdrop-filter: blur(20px);\r\n      border-radius: 20px;\r\n      padding: 50px 40px;\r\n      margin: 60px 0;\r\n      border: 1px solid rgba(26,115,232,0.2);\r\n      box-shadow: 0 10px 30px rgba(0,0,0,0.06);\r\n      text-align: center;\r\n    }\r\n    \r\n    .ajtel-portability-negocio h2 {\r\n      color: #1a73e8;\r\n      font-size: 1.8em;\r\n      margin-bottom: 20px;\r\n      font-weight: 700;\r\n    }\r\n    \r\n    .ajtel-portability-negocio h3 {\r\n      color: #34a853;\r\n      font-size: 1.3em;\r\n      margin-bottom: 25px;\r\n      font-weight: 600;\r\n    }\r\n    \r\n    .ajtel-portability-image {\r\n      max-width: 350px;\r\n      margin: 0 auto;\r\n      padding: 20px;\r\n    }\r\n    \r\n    .ajtel-portability-image img {\r\n      width: 100%;\r\n      height: auto;\r\n    }\r\n    \r\n    \/* CTA Button *\/\r\n    .ajtel-btn {\r\n      display: inline-block;\r\n      padding: 16px 40px;\r\n      border-radius: 25px;\r\n      font-weight: 700;\r\n      font-size: 1em;\r\n      text-decoration: none;\r\n      transition: all 0.35s cubic-bezier(0.23, 1, 0.320, 1);\r\n      border: none;\r\n      cursor: pointer;\r\n      margin-top: 20px;\r\n    }\r\n    \r\n    .ajtel-btn-primary {\r\n      background: linear-gradient(135deg, #1a73e8 0%, #34a853 100%);\r\n      color: white;\r\n      box-shadow: 0 10px 25px rgba(26,115,232,0.35);\r\n    }\r\n    \r\n    .ajtel-btn-primary:hover {\r\n      transform: translateY(-3px);\r\n      box-shadow: 0 15px 35px rgba(26,115,232,0.45);\r\n    }\r\n    \r\n    \/* Responsive *\/\r\n    @media(max-width:768px) {\r\n      .ajtel-hero-negocio h1 { font-size: 1.8em; }\r\n      .ajtel-benefits-grid { grid-template-columns: 1fr; }\r\n      .ajtel-pricing-grid { grid-template-columns: 1fr; }\r\n      .ajtel-platforms-grid { gap: 20px; }\r\n    }\r\n  <\/style>\r\n<\/head>\r\n<body>\r\n  <div class=\"ajtel-container\">\r\n    \r\n    <!-- Hero Section -->\r\n    <div class=\"ajtel-hero-negocio\">\r\n      <h1>La Nueva L\u00ednea de Negocio<\/h1>\r\n      <p>Conecta tu negocio con nuestras soluciones de comunicaci\u00f3n avanzadas<\/p>\r\n      <div class=\"ajtel-hero-image\">\r\n        <img decoding=\"async\" src=\"https:\/\/ajtel.net\/W\/wp-content\/uploads\/2025\/06\/LINEANEGOCIOAJTEL-225x300.avif\" alt=\"L\u00ednea de Negocio\">\r\n      <\/div>\r\n    <\/div>\r\n    \r\n    <!-- Portability Banner -->\r\n    <div class=\"ajtel-portability-negocio\">\r\n      <h2>No cambies tu n\u00famero de siempre...<\/h2>\r\n      <h3>P\u00f3rtalo con AJTEL<\/h3>\r\n      <div class=\"ajtel-portability-image\">\r\n        <img decoding=\"async\" src=\"https:\/\/i0.wp.com\/ajtel.net\/W\/wp-content\/uploads\/2021\/03\/porta.jpg\" alt=\"Portabilidad de n\u00fameros\">\r\n      <\/div>\r\n    <\/div>\r\n    \r\n    <!-- Benefits Section -->\r\n    <div class=\"ajtel-benefits-section\">\r\n      <h2>Beneficios de Nuestra Soluci\u00f3n<\/h2>\r\n      <div class=\"ajtel-benefits-grid\">\r\n        \r\n        <div class=\"ajtel-benefit-card\">\r\n          <div class=\"ajtel-benefit-icon\">\u260e\ufe0f<\/div>\r\n          <h3>1 L\u00ednea Premium<\/h3>\r\n          <p>Una l\u00ednea telef\u00f3nica con poderes premium incluye 3 n\u00fameros de la ciudad que requieras de M\u00e9xico sin importar cu\u00e1l sea.<\/p>\r\n        <\/div>\r\n        \r\n        <div class=\"ajtel-benefit-card\">\r\n          <div class=\"ajtel-benefit-icon\">\ud83c\udf0d<\/div>\r\n          <h3>N\u00fameros Multiciudad<\/h3>\r\n          <p>Activa n\u00fameros en m\u00faltiples ciudades con un solo pago. Exemplo:<\/p>\r\n          <ul>\r\n            <li>+52 55 (M\u00e9xico)<\/li>\r\n            <li>+52 33 (Guadalajara)<\/li>\r\n            <li>+52 81 (Monterrey)<\/li>\r\n            <li>+52 664 (Tijuana)<\/li>\r\n            <li>+52 722 (Toluca)<\/li>\r\n          <\/ul>\r\n        <\/div>\r\n        \r\n        <div class=\"ajtel-benefit-card\">\r\n          <div class=\"ajtel-benefit-icon\">\ud83d\udcf1<\/div>\r\n          <h3>Software Incluido<\/h3>\r\n          <p>Realiza llamadas desde tu celular o computadora. Software integrado sin costo adicional.<\/p>\r\n        <\/div>\r\n        \r\n        <div class=\"ajtel-benefit-card\">\r\n          <div class=\"ajtel-benefit-icon\">\ud83d\udcde<\/div>\r\n          <h3>Llamadas Salientes<\/h3>\r\n          <p>Incluye 1500 minutos nacionales para tus llamadas salientes sin limitaciones.<\/p>\r\n        <\/div>\r\n        \r\n        <div class=\"ajtel-benefit-card\">\r\n          <div class=\"ajtel-benefit-icon\">\ud83d\udd17<\/div>\r\n          <h3>Portabilidad<\/h3>\r\n          <p>Conserva tus n\u00fameros actuales. P\u00f3rtalos con nosotros sin perderlos en el proceso.<\/p>\r\n        <\/div>\r\n        \r\n        <div class=\"ajtel-benefit-card\">\r\n          <div class=\"ajtel-benefit-icon\">\u2705<\/div>\r\n          <h3>100% Compatible<\/h3>\r\n          <p>N\u00fameros 100% compatibles con plataformas de negocio y comunicaci\u00f3n moderna.<\/p>\r\n        <\/div>\r\n        \r\n      <\/div>\r\n    <\/div>\r\n    \r\n    <!-- Platforms Section -->\r\n    <div class=\"ajtel-platforms-section\">\r\n      <h2>Compatible con Plataformas Modernas<\/h2>\r\n      <div class=\"ajtel-platforms-grid\">\r\n        <div class=\"ajtel-platform-item\">\r\n          <div class=\"ajtel-platform-icon\">\r\n            <img decoding=\"async\" src=\"https:\/\/upload.wikimedia.org\/wikipedia\/commons\/6\/6b\/WhatsApp.svg\" alt=\"WhatsApp\">\r\n          <\/div>\r\n          <div class=\"ajtel-platform-name\">WhatsApp<\/div>\r\n        <\/div>\r\n        <div class=\"ajtel-platform-item\">\r\n          <div class=\"ajtel-platform-icon\">\r\n            <img decoding=\"async\" src=\"https:\/\/upload.wikimedia.org\/wikipedia\/commons\/8\/82\/Telegram_logo.svg\" alt=\"Telegram\">\r\n          <\/div>\r\n          <div class=\"ajtel-platform-name\">Telegram<\/div>\r\n        <\/div>\r\n        <div class=\"ajtel-platform-item\">\r\n          <div class=\"ajtel-platform-icon\">\r\n            <img decoding=\"async\" src=\"https:\/\/i0.wp.com\/images.icon-icons.com\/2972\/PNG\/512\/signal_logo_icon_186871.png?w=800&ssl=1\" alt=\"Signal\">\r\n          <\/div>\r\n          <div class=\"ajtel-platform-name\">Signal<\/div>\r\n        <\/div>\r\n      <\/div>\r\n    <\/div>\r\n    \r\n    <!-- Pricing Section -->\r\n    <div class=\"ajtel-pricing-section\">\r\n      <h2>Precios<\/h2>\r\n      <div class=\"ajtel-pricing-grid\">\r\n        \r\n        <div class=\"ajtel-price-card\">\r\n          <div class=\"ajtel-price-title\">Cargo \u00danico de Activaci\u00f3n<\/div>\r\n          <div class=\"ajtel-price-amount\">$1,250.00<\/div>\r\n          <div class=\"ajtel-price-detail\">+ IVA<\/div>\r\n          <p class=\"ajtel-price-description\">Activa tu soluci\u00f3n de comunicaci\u00f3n con un solo pago.<\/p>\r\n          <a href=\"tel:+529999990999\" class=\"ajtel-btn ajtel-btn-primary\">\ud83d\udcde Solicitar Ahora<\/a>\r\n        <\/div>\r\n        \r\n        <div class=\"ajtel-price-card\">\r\n          <div class=\"ajtel-price-title\">Renta Mensual<\/div>\r\n          <div class=\"ajtel-price-amount\">$850.00<\/div>\r\n          <div class=\"ajtel-price-detail\">+ IVA<\/div>\r\n          <p class=\"ajtel-price-description\">Acceso continuo a todas las funcionalidades incluidas.<\/p>\r\n          <a href=\"tel:+529999990999\" class=\"ajtel-btn ajtel-btn-primary\">\ud83d\udcb3 Suscribirse<\/a>\r\n        <\/div>\r\n        \r\n        <div class=\"ajtel-price-card\">\r\n          <div class=\"ajtel-price-title\">N\u00fameros Multiciudad<\/div>\r\n          <div class=\"ajtel-price-amount\">$2,550.00<\/div>\r\n          <div class=\"ajtel-price-detail\">+ IVA<\/div>\r\n          <p class=\"ajtel-price-description\">Activaci\u00f3n de n\u00famero multiciudad (pago \u00fanico, posteriormente solo renta de n\u00fameros extras)<\/p>\r\n          <a href=\"tel:+529999990999\" class=\"ajtel-btn ajtel-btn-primary\">\ud83c\udf0d Activar<\/a>\r\n        <\/div>\r\n        \r\n      <\/div>\r\n      \r\n      <div style=\"text-align: center; padding: 20px; background: rgba(255,193,7,0.1); border-radius: 10px; margin-top: 30px; border-left: 4px solid #ffc107;\">\r\n        <p style=\"color: #856404; font-size: 0.9em;\"><strong>N\u00fameros Adicionales:<\/strong> Agrega n\u00fameros entrantes por <strong>$3.50 USD<\/strong> al mes*<\/p>\r\n        <p style=\"color: #666; font-size: 0.85em; margin-top: 15px;\"><em>*Precios en pesos mexicanos. Pago en divisa USD basado al tipo de cambio de BANAMEX (p\u00e1gina web a la venta) al d\u00eda de la operaci\u00f3n.<\/em><\/p>\r\n      <\/div>\r\n    <\/div>\r\n    \r\n    <!-- Important Info Section -->\r\n    <div class=\"ajtel-important-negocio\">\r\n      <h2>\u26a0\ufe0f Informaci\u00f3n Importante<\/h2>\r\n      <p>TODA NUESTRA TELEFON\u00cdA ES IP. <strong>AJTEL NO PROPORCIONA TELEFONOS IP<\/strong> AL CONTRATAR, ESTOS DISPOSITIVOS SE COMPRAN POR SEPARADO CON NOSOTROS O CUALQUIER PROVEEDOR.<\/p>\r\n      <p>Siempre y cuando estos cumplan con la <strong>norma TLS\/SRTP<\/strong> para garantizar seguridad y calidad.<\/p>\r\n      <p><strong>AJTEL<\/strong> podr\u00e1 proporcionarte <strong>software para tu m\u00f3vil y\/o computadora<\/strong> para el uso del servicio de telefon\u00eda sin costo adicional.<\/p>\r\n    <\/div>\r\n    \r\n  <\/div>\r\n<\/body>\r\n<\/html>\t\t\t\t<\/div>\n\t\t\t\t\t<\/div>\n\t\t<\/div>\n\t\t\t\t\t<\/div>\n\t\t<\/section>\n\t\t\t\t<\/div>\n\t\t","protected":false},"excerpt":{"rendered":"<p>Telefon\u00eda Negocio &#8211; AJTEL Comunicaciones La Nueva L\u00ednea de Negocio Conecta tu negocio con nuestras soluciones de comunicaci\u00f3n avanzadas No cambies tu n\u00famero de siempre&#8230; P\u00f3rtalo con AJTEL Beneficios de Nuestra Soluci\u00f3n \u260e\ufe0f 1 L\u00ednea Premium Una l\u00ednea telef\u00f3nica con poderes premium incluye 3 n\u00fameros de la ciudad que requieras de M\u00e9xico sin importar cu\u00e1l [&hellip;]<\/p>\n","protected":false},"author":1,"featured_media":0,"parent":0,"menu_order":0,"comment_status":"closed","ping_status":"closed","template":"","meta":{"advanced_seo_description":"","jetpack_seo_html_title":"","jetpack_seo_noindex":false,"footnotes":""},"class_list":["post-4938","page","type-page","status-publish","hentry"],"jetpack_sharing_enabled":true,"_links":{"self":[{"href":"https:\/\/ajtel.net\/W\/wp-json\/wp\/v2\/pages\/4938","targetHints":{"allow":["GET"]}}],"collection":[{"href":"https:\/\/ajtel.net\/W\/wp-json\/wp\/v2\/pages"}],"about":[{"href":"https:\/\/ajtel.net\/W\/wp-json\/wp\/v2\/types\/page"}],"author":[{"embeddable":true,"href":"https:\/\/ajtel.net\/W\/wp-json\/wp\/v2\/users\/1"}],"replies":[{"embeddable":true,"href":"https:\/\/ajtel.net\/W\/wp-json\/wp\/v2\/comments?post=4938"}],"version-history":[{"count":29,"href":"https:\/\/ajtel.net\/W\/wp-json\/wp\/v2\/pages\/4938\/revisions"}],"predecessor-version":[{"id":5880,"href":"https:\/\/ajtel.net\/W\/wp-json\/wp\/v2\/pages\/4938\/revisions\/5880"}],"wp:attachment":[{"href":"https:\/\/ajtel.net\/W\/wp-json\/wp\/v2\/media?parent=4938"}],"curies":[{"name":"wp","href":"https:\/\/api.w.org\/{rel}","templated":true}]}}