{"id":5027,"date":"2025-08-18T13:04:11","date_gmt":"2025-08-18T19:04:11","guid":{"rendered":"http:\/\/ajtel.net\/W\/?page_id=5027"},"modified":"2026-01-09T14:22:46","modified_gmt":"2026-01-09T20:22:46","slug":"cdrpremium","status":"publish","type":"page","link":"https:\/\/ajtel.net\/W\/cdrpremium\/","title":{"rendered":"cdrpremium"},"content":{"rendered":"\t\t<div data-elementor-type=\"wp-page\" data-elementor-id=\"5027\" class=\"elementor elementor-5027\" data-elementor-post-type=\"page\">\n\t\t\t\t\t\t<section class=\"elementor-section elementor-top-section elementor-element elementor-element-d9abba8 elementor-section-boxed elementor-section-height-default elementor-section-height-default exad-glass-effect-no exad-sticky-section-no\" data-id=\"d9abba8\" data-element_type=\"section\" data-e-type=\"section\">\n\t\t\t\t\t\t<div class=\"elementor-container elementor-column-gap-default\">\n\t\t\t\t\t<div class=\"elementor-column elementor-col-100 elementor-top-column elementor-element elementor-element-9e1884e exad-glass-effect-no exad-sticky-section-no\" data-id=\"9e1884e\" data-element_type=\"column\" data-e-type=\"column\">\n\t\t\t<div class=\"elementor-widget-wrap elementor-element-populated\">\n\t\t\t\t\t\t<div class=\"elementor-element elementor-element-e603314 exad-sticky-section-no exad-glass-effect-no elementor-widget elementor-widget-image\" data-id=\"e603314\" data-element_type=\"widget\" data-e-type=\"widget\" data-widget_type=\"image.default\">\n\t\t\t\t\t\t\t\t\t\t\t\t\t\t\t<img fetchpriority=\"high\" decoding=\"async\" width=\"346\" height=\"288\" src=\"https:\/\/i0.wp.com\/ajtel.net\/W\/wp-content\/uploads\/2021\/02\/distribuidores-resell.jpg?fit=346%2C288&amp;ssl=1\" class=\"attachment-large size-large wp-image-136\" alt=\"\" srcset=\"https:\/\/i0.wp.com\/ajtel.net\/W\/wp-content\/uploads\/2021\/02\/distribuidores-resell.jpg?w=346&amp;ssl=1 346w, https:\/\/i0.wp.com\/ajtel.net\/W\/wp-content\/uploads\/2021\/02\/distribuidores-resell.jpg?resize=300%2C250&amp;ssl=1 300w\" sizes=\"(max-width: 346px) 100vw, 346px\" \/>\t\t\t\t\t\t\t\t\t\t\t\t\t\t\t<\/div>\n\t\t\t\t\t<\/div>\n\t\t<\/div>\n\t\t\t\t\t<\/div>\n\t\t<\/section>\n\t\t\t\t<section class=\"elementor-section elementor-top-section elementor-element elementor-element-424d121 elementor-section-boxed elementor-section-height-default elementor-section-height-default exad-glass-effect-no exad-sticky-section-no\" data-id=\"424d121\" data-element_type=\"section\" data-e-type=\"section\">\n\t\t\t\t\t\t<div class=\"elementor-container elementor-column-gap-default\">\n\t\t\t\t\t<div class=\"elementor-column elementor-col-100 elementor-top-column elementor-element elementor-element-5a94a4b exad-glass-effect-no exad-sticky-section-no\" data-id=\"5a94a4b\" data-element_type=\"column\" data-e-type=\"column\">\n\t\t\t<div class=\"elementor-widget-wrap elementor-element-populated\">\n\t\t\t\t\t\t<div class=\"elementor-element elementor-element-ea2f25e exad-sticky-section-no exad-glass-effect-no elementor-widget elementor-widget-text-editor\" data-id=\"ea2f25e\" data-element_type=\"widget\" data-e-type=\"widget\" data-widget_type=\"text-editor.default\">\n\t\t\t\t\t\t\t\t\t<div style=\"text-align: center; font-family: Arial, sans-serif; color: #333; padding: 20px; max-width: 800px; margin: 0 auto;\"><h3 style=\"font-size: 22px; font-weight: bold; color: #1a73e8; margin: 10px 0;\">CDR PREMIUM AJTEL<\/h3><p style=\"font-size: 16px; margin: 10px 0;\">Te permite llevar m\u00e1s all\u00e1 de un control de llamadas, te permite exportar y segmentar tus llamadas, valorar si realmente est\u00e1n haciendo el trabajo como quieres.<\/p><p style=\"font-size: 16px; font-weight: bold; margin: 10px 0;\">\u00bfQuieres probarlo? Se encuentra gratis en nuestros Conmutadores Virtuales por los primeros 15 d\u00edas.<\/p><\/div>\t\t\t\t\t\t\t\t<\/div>\n\t\t\t\t<div class=\"elementor-element elementor-element-40ae626 elementor-headline--style-highlight exad-sticky-section-no exad-glass-effect-no elementor-widget elementor-widget-animated-headline\" data-id=\"40ae626\" data-element_type=\"widget\" data-e-type=\"widget\" data-settings=\"{&quot;highlighted_text&quot;:&quot;Estad\\u00edsticas,&quot;,&quot;headline_style&quot;:&quot;highlight&quot;,&quot;marker&quot;:&quot;circle&quot;,&quot;loop&quot;:&quot;yes&quot;,&quot;highlight_animation_duration&quot;:1200,&quot;highlight_iteration_delay&quot;:8000}\" data-widget_type=\"animated-headline.default\">\n\t\t\t\t\t\t\t<h3 class=\"elementor-headline\">\n\t\t\t\t\t<span class=\"elementor-headline-plain-text elementor-headline-text-wrapper\">Lo m\u00e1s imporante son las<\/span>\n\t\t\t\t<span class=\"elementor-headline-dynamic-wrapper elementor-headline-text-wrapper\">\n\t\t\t\t\t<span class=\"elementor-headline-dynamic-text elementor-headline-text-active\">Estad\u00edsticas,<\/span>\n\t\t\t\t<\/span>\n\t\t\t\t\t<span class=\"elementor-headline-plain-text elementor-headline-text-wrapper\">ellas hacen que el trabajo rinda frutos.<\/span>\n\t\t\t\t\t<\/h3>\n\t\t\t\t\t\t<\/div>\n\t\t\t\t\t<\/div>\n\t\t<\/div>\n\t\t\t\t\t<\/div>\n\t\t<\/section>\n\t\t\t\t<section class=\"elementor-section elementor-top-section elementor-element elementor-element-72817b8 elementor-section-boxed elementor-section-height-default elementor-section-height-default exad-glass-effect-no exad-sticky-section-no\" data-id=\"72817b8\" data-element_type=\"section\" data-e-type=\"section\">\n\t\t\t\t\t\t<div class=\"elementor-container elementor-column-gap-default\">\n\t\t\t\t\t<div class=\"elementor-column elementor-col-100 elementor-top-column elementor-element elementor-element-b79e8a5 exad-glass-effect-no exad-sticky-section-no\" data-id=\"b79e8a5\" data-element_type=\"column\" data-e-type=\"column\">\n\t\t\t<div class=\"elementor-widget-wrap elementor-element-populated\">\n\t\t\t\t\t\t<div class=\"elementor-element elementor-element-e240df3 exad-sticky-section-no exad-glass-effect-no elementor-widget elementor-widget-html\" data-id=\"e240df3\" data-element_type=\"widget\" data-e-type=\"widget\" data-widget_type=\"html.default\">\n\t\t\t\t\t<style>\r\n.ajtel-cdr-container { max-width: 1200px; margin: 0 auto; font-family: Arial, sans-serif; }\r\n.ajtel-cdr-card { background: rgba(255,255,255,0.95); backdrop-filter: blur(20px); -webkit-backdrop-filter: blur(20px); border-radius: 24px; overflow: hidden; box-shadow: 0 20px 50px rgba(0,0,0,0.15); border: 1px solid rgba(255,255,255,0.3); }\r\n.ajtel-cdr-header { background: linear-gradient(135deg, #1a73e8 0%, #34a853 100%); padding: 40px 30px; text-align: center; }\r\n.ajtel-cdr-title { font-size: 2em; color: white; font-weight: 700; margin: 0 0 15px 0; text-shadow: 0 2px 10px rgba(0,0,0,0.1); }\r\n.ajtel-cdr-icon { margin-right: 12px; font-size: 1.1em; }\r\n.ajtel-cdr-subtitle { font-size: 1.1em; color: rgba(255,255,255,0.95); line-height: 1.7; margin: 0; max-width: 700px; margin-left: auto; margin-right: auto; }\r\n.ajtel-cdr-body { padding: 40px 30px; }\r\n\r\n.ajtel-cdr-intro { text-align: center; margin-bottom: 40px; }\r\n.ajtel-cdr-intro-title { font-size: 1.4em; color: #1a73e8; font-weight: 700; margin: 0 0 10px 0; }\r\n.ajtel-cdr-intro-text { font-size: 1em; color: #555; line-height: 1.7; margin: 0; }\r\n\r\n.ajtel-cdr-plans { display: grid; grid-template-columns: repeat(3, 1fr); gap: 25px; }\r\n\r\n.ajtel-cdr-plan { background: rgba(255,255,255,0.9); border-radius: 20px; overflow: hidden; border: 2px solid rgba(26, 115, 232, 0.15); transition: all 0.4s ease; display: flex; flex-direction: column; position: relative; }\r\n.ajtel-cdr-plan:hover { transform: translateY(-10px); box-shadow: 0 25px 50px rgba(26, 115, 232, 0.2); border-color: rgba(26, 115, 232, 0.3); }\r\n\r\n.ajtel-cdr-plan.popular { border-color: #34a853; }\r\n.ajtel-cdr-plan.popular::before { content: \"Populares\"; position: absolute; top: 15px; right: -30px; background: #34a853; color: white; padding: 5px 40px; font-size: 0.75em; font-weight: 700; transform: rotate(45deg); z-index: 10; }\r\n\r\n.ajtel-cdr-plan-image { width: 100%; height: 150px; object-fit: cover; }\r\n\r\n.ajtel-cdr-plan-header { padding: 20px; text-align: center; background: linear-gradient(135deg, rgba(26, 115, 232, 0.08) 0%, rgba(52, 168, 83, 0.08) 100%); }\r\n.ajtel-cdr-plan-name { font-size: 1.4em; color: #1a73e8; font-weight: 700; margin: 0 0 5px 0; }\r\n.ajtel-cdr-plan-level { font-size: 0.9em; color: #666; margin: 0; }\r\n\r\n.ajtel-cdr-plan-price { padding: 25px 20px; text-align: center; border-bottom: 1px solid rgba(26, 115, 232, 0.1); }\r\n.ajtel-cdr-plan-currency { font-size: 1.2em; color: #1a73e8; font-weight: 600; vertical-align: top; }\r\n.ajtel-cdr-plan-amount { font-size: 3.5em; color: #1a73e8; font-weight: 700; line-height: 1; }\r\n.ajtel-cdr-plan-cents { font-size: 1.2em; color: #1a73e8; font-weight: 600; vertical-align: top; }\r\n.ajtel-cdr-plan-period { display: block; font-size: 0.9em; color: #888; margin-top: 5px; }\r\n\r\n.ajtel-cdr-plan-features { padding: 20px; flex: 1; }\r\n.ajtel-cdr-plan-features ul { list-style: none; padding: 0; margin: 0; }\r\n.ajtel-cdr-plan-features li { display: flex; align-items: flex-start; gap: 10px; padding: 10px 0; border-bottom: 1px solid rgba(26, 115, 232, 0.08); font-size: 0.9em; color: #444; line-height: 1.5; }\r\n.ajtel-cdr-plan-features li:last-child { border-bottom: none; }\r\n.ajtel-cdr-plan-check { color: #34a853; font-weight: bold; flex-shrink: 0; }\r\n\r\n.ajtel-cdr-plan-footer { padding: 20px; }\r\n.ajtel-cdr-plan-btn { display: block; width: 100%; padding: 15px 20px; background: linear-gradient(135deg, #1a73e8 0%, #34a853 100%); color: white; text-decoration: none; border-radius: 30px; font-weight: 700; font-size: 1em; text-align: center; transition: all 0.3s ease; box-shadow: 0 8px 20px rgba(26, 115, 232, 0.3); }\r\n.ajtel-cdr-plan-btn:hover { transform: translateY(-3px); box-shadow: 0 12px 30px rgba(26, 115, 232, 0.4); }\r\n\r\n.ajtel-cdr-plan-note { font-size: 0.75em; color: #888; text-align: center; margin-top: 10px; line-height: 1.4; }\r\n\r\n@media (max-width: 992px) {\r\n  .ajtel-cdr-plans { grid-template-columns: 1fr; max-width: 450px; margin: 0 auto; }\r\n  .ajtel-cdr-plan.popular::before { right: -25px; }\r\n}\r\n@media (max-width: 768px) {\r\n  .ajtel-cdr-title { font-size: 1.6em; }\r\n  .ajtel-cdr-header { padding: 30px 20px; }\r\n  .ajtel-cdr-body { padding: 30px 20px; }\r\n}\r\n<\/style>\r\n\r\n<div class=\"ajtel-cdr-container\">\r\n  <div class=\"ajtel-cdr-card\">\r\n    <div class=\"ajtel-cdr-header\">\r\n      <h1 class=\"ajtel-cdr-title\"><span class=\"ajtel-cdr-icon\">\ud83d\udcde<\/span>CDR PREMIUM AJTEL<\/h1>\r\n      <p class=\"ajtel-cdr-subtitle\">Te permite llevar m\u00e1s all\u00e1 de un control de llamadas, te permite exportar y segmentar tus llamadas, valorar si realmente est\u00e1n haciendo el trabajo como quieres.<\/p>\r\n    <\/div>\r\n    \r\n    <div class=\"ajtel-cdr-body\">\r\n      <div class=\"ajtel-cdr-intro\">\r\n        <h2 class=\"ajtel-cdr-intro-title\">\ud83d\udcc8 Lo m\u00e1s importante son las Estad\u00edsticas<\/h2>\r\n        <p class=\"ajtel-cdr-intro-text\">Ellas hacen que el trabajo rinda frutos. \u00bfQuieres probarlo? Se encuentra gratis en nuestros Conmutadores Virtuales por los primeros 15 d\u00edas.<\/p>\r\n      <\/div>\r\n      \r\n      <div class=\"ajtel-cdr-plans\">\r\n        <!-- Plan B\u00e1sico -->\r\n        <div class=\"ajtel-cdr-plan\">\r\n          <img decoding=\"async\" src=\"https:\/\/i0.wp.com\/ajtel.net\/W\/wp-content\/uploads\/2021\/02\/distribuidores-resell.jpg\" alt=\"CDR B\u00e1sico\" class=\"ajtel-cdr-plan-image\">\r\n          <div class=\"ajtel-cdr-plan-header\">\r\n            <h3 class=\"ajtel-cdr-plan-name\">CDR B\u00e1sico<\/h3>\r\n            <p class=\"ajtel-cdr-plan-level\">Nivel B\u00e1sico<\/p>\r\n          <\/div>\r\n          <div class=\"ajtel-cdr-plan-price\">\r\n            <span class=\"ajtel-cdr-plan-currency\">$<\/span>\r\n            <span class=\"ajtel-cdr-plan-amount\">0<\/span>\r\n            <span class=\"ajtel-cdr-plan-cents\">00<\/span>\r\n            <span class=\"ajtel-cdr-plan-period\">MXN \/ Mensuales<\/span>\r\n          <\/div>\r\n          <div class=\"ajtel-cdr-plan-features\">\r\n            <ul>\r\n              <li><span class=\"ajtel-cdr-plan-check\">\u2714<\/span> Control de Llamadas en tiempo y forma<\/li>\r\n              <li><span class=\"ajtel-cdr-plan-check\">\u2714<\/span> Estad\u00edsticas b\u00e1sicas<\/li>\r\n              <li><span class=\"ajtel-cdr-plan-check\">\u2714<\/span> Exporta a CSV<\/li>\r\n              <li><span class=\"ajtel-cdr-plan-check\">\u2714<\/span> 4 Consultas por d\u00eda<\/li>\r\n              <li><span class=\"ajtel-cdr-plan-check\">\u2714<\/span> Desglose por extensi\u00f3n y\/o n\u00famero de destino<\/li>\r\n              <li><span class=\"ajtel-cdr-plan-check\">\u2714<\/span> Reflejo de todos tus consumos<\/li>\r\n              <li><span class=\"ajtel-cdr-plan-check\">\u2714<\/span> Tu \u00fanica responsabilidad es dar seguimiento a la cuenta<\/li>\r\n            <\/ul>\r\n          <\/div>\r\n          <div class=\"ajtel-cdr-plan-footer\">\r\n            <a href=\"tel:+525585265555\" class=\"ajtel-cdr-plan-btn\">\ud83d\udcde Ll\u00e1manos<\/a>\r\n          <\/div>\r\n        <\/div>\r\n        \r\n        <!-- Plan Premium -->\r\n        <div class=\"ajtel-cdr-plan popular\">\r\n          <img decoding=\"async\" src=\"https:\/\/i0.wp.com\/ajtel.net\/W\/wp-content\/uploads\/2021\/02\/atgob1.jpg\" alt=\"CDR Premium\" class=\"ajtel-cdr-plan-image\">\r\n          <div class=\"ajtel-cdr-plan-header\">\r\n            <h3 class=\"ajtel-cdr-plan-name\">CDR PREMIUM<\/h3>\r\n            <p class=\"ajtel-cdr-plan-level\">Nivel Intermedio<\/p>\r\n          <\/div>\r\n          <div class=\"ajtel-cdr-plan-price\">\r\n            <span class=\"ajtel-cdr-plan-currency\">$<\/span>\r\n            <span class=\"ajtel-cdr-plan-amount\">299<\/span>\r\n            <span class=\"ajtel-cdr-plan-cents\">00<\/span>\r\n            <span class=\"ajtel-cdr-plan-period\">MXN \/ Mensuales<\/span>\r\n          <\/div>\r\n          <div class=\"ajtel-cdr-plan-features\">\r\n            <ul>\r\n              <li><span class=\"ajtel-cdr-plan-check\">\u2714<\/span> Control de Llamadas en tiempo y forma<\/li>\r\n              <li><span class=\"ajtel-cdr-plan-check\">\u2714<\/span> Estad\u00edsticas por hora y por usuario<\/li>\r\n              <li><span class=\"ajtel-cdr-plan-check\">\u2714<\/span> Exportar a CSV<\/li>\r\n              <li><span class=\"ajtel-cdr-plan-check\">\u2714<\/span> Exportar a PDF<\/li>\r\n              <li><span class=\"ajtel-cdr-plan-check\">\u2714<\/span> 100 Consultas al d\u00eda<\/li>\r\n              <li><span class=\"ajtel-cdr-plan-check\">\u2714<\/span> 100 Registros Max por consulta<\/li>\r\n              <li><span class=\"ajtel-cdr-plan-check\">\u2714<\/span> Reproducir Audio (si tu plan graba)<\/li>\r\n              <li><span class=\"ajtel-cdr-plan-check\">\u2714<\/span> Desglose por extensi\u00f3n y\/o n\u00famero de destino<\/li>\r\n              <li><span class=\"ajtel-cdr-plan-check\">\u2714<\/span> Reflejo de todos tus consumos<\/li>\r\n              <li><span class=\"ajtel-cdr-plan-check\">\u2714<\/span> Aprovecha los reportes y saca tus comparativas<\/li>\r\n            <\/ul>\r\n          <\/div>\r\n          <div class=\"ajtel-cdr-plan-footer\">\r\n            <a href=\"tel:+525585265555\" class=\"ajtel-cdr-plan-btn\">\ud83d\udcde Ll\u00e1manos<\/a>\r\n          <\/div>\r\n        <\/div>\r\n        \r\n        <!-- Plan Ultra -->\r\n        <div class=\"ajtel-cdr-plan\">\r\n          <img decoding=\"async\" src=\"https:\/\/i0.wp.com\/ajtel.net\/W\/wp-content\/uploads\/2021\/03\/reseller.jpg\" alt=\"CDR Ultra\" class=\"ajtel-cdr-plan-image\">\r\n          <div class=\"ajtel-cdr-plan-header\">\r\n            <h3 class=\"ajtel-cdr-plan-name\">CDR ULTRA<\/h3>\r\n            <p class=\"ajtel-cdr-plan-level\">ACCESO TOTAL<\/p>\r\n          <\/div>\r\n          <div class=\"ajtel-cdr-plan-price\">\r\n            <span class=\"ajtel-cdr-plan-currency\">$<\/span>\r\n            <span class=\"ajtel-cdr-plan-amount\">499<\/span>\r\n            <span class=\"ajtel-cdr-plan-cents\">00<\/span>\r\n            <span class=\"ajtel-cdr-plan-period\">MXN \/ Mensuales<\/span>\r\n          <\/div>\r\n          <div class=\"ajtel-cdr-plan-features\">\r\n            <ul>\r\n              <li><span class=\"ajtel-cdr-plan-check\">\u2714<\/span> Control de Llamadas en tiempo y forma<\/li>\r\n              <li><span class=\"ajtel-cdr-plan-check\">\u2714<\/span> Estad\u00edsticas y Gr\u00e1ficas de tu consumo<\/li>\r\n              <li><span class=\"ajtel-cdr-plan-check\">\u2714<\/span> Mapa de Calor, refleja consumo por agente y hora<\/li>\r\n              <li><span class=\"ajtel-cdr-plan-check\">\u2714<\/span> Exportar a CSV<\/li>\r\n              <li><span class=\"ajtel-cdr-plan-check\">\u2714<\/span> Exportar a PDF<\/li>\r\n              <li><span class=\"ajtel-cdr-plan-check\">\u2714<\/span> 1000 Consultas al d\u00eda<\/li>\r\n              <li><span class=\"ajtel-cdr-plan-check\">\u2714<\/span> 500 Registros Max por consulta<\/li>\r\n              <li><span class=\"ajtel-cdr-plan-check\">\u2714<\/span> Reproducir Audio (si tu plan graba)<\/li>\r\n              <li><span class=\"ajtel-cdr-plan-check\">\u2714<\/span> Descargar Audio (si tu plan graba)<\/li>\r\n              <li><span class=\"ajtel-cdr-plan-check\">\u2714<\/span> Desglose por extensi\u00f3n y\/o n\u00famero de destino<\/li>\r\n              <li><span class=\"ajtel-cdr-plan-check\">\u2714<\/span> Reflejo de todos tus consumos<\/li>\r\n              <li><span class=\"ajtel-cdr-plan-check\">\u2714<\/span> Disfruta de los reportes, y ahora sabr\u00e1s lo que no funciona de tu equipo<\/li>\r\n            <\/ul>\r\n          <\/div>\r\n          <div class=\"ajtel-cdr-plan-footer\">\r\n            <a href=\"tel:+525585265555\" class=\"ajtel-cdr-plan-btn\">\ud83d\udcde Ll\u00e1manos<\/a>\r\n            <p class=\"ajtel-cdr-plan-note\">PRECIOS EN PESOS MEXICANOS<br>SUJETOS A CAMBIO SIN PREVIO AVISO<\/p>\r\n          <\/div>\r\n        <\/div>\r\n      <\/div>\r\n    <\/div>\r\n  <\/div>\r\n<\/div>\t\t\t\t<\/div>\n\t\t\t\t\t<\/div>\n\t\t<\/div>\n\t\t\t\t\t<\/div>\n\t\t<\/section>\n\t\t\t\t<\/div>\n\t\t","protected":false},"excerpt":{"rendered":"<p>CDR PREMIUM AJTEL Te permite llevar m\u00e1s all\u00e1 de un control de llamadas, te permite exportar y segmentar tus llamadas, valorar si realmente est\u00e1n haciendo el trabajo como quieres. \u00bfQuieres probarlo? Se encuentra gratis en nuestros Conmutadores Virtuales por los primeros 15 d\u00edas. Lo m\u00e1s imporante son las Estad\u00edsticas, ellas hacen que el trabajo rinda [&hellip;]<\/p>\n","protected":false},"author":1,"featured_media":0,"parent":0,"menu_order":0,"comment_status":"closed","ping_status":"closed","template":"","meta":{"advanced_seo_description":"","jetpack_seo_html_title":"","jetpack_seo_noindex":false,"footnotes":""},"class_list":["post-5027","page","type-page","status-publish","hentry"],"jetpack_sharing_enabled":true,"_links":{"self":[{"href":"https:\/\/ajtel.net\/W\/wp-json\/wp\/v2\/pages\/5027","targetHints":{"allow":["GET"]}}],"collection":[{"href":"https:\/\/ajtel.net\/W\/wp-json\/wp\/v2\/pages"}],"about":[{"href":"https:\/\/ajtel.net\/W\/wp-json\/wp\/v2\/types\/page"}],"author":[{"embeddable":true,"href":"https:\/\/ajtel.net\/W\/wp-json\/wp\/v2\/users\/1"}],"replies":[{"embeddable":true,"href":"https:\/\/ajtel.net\/W\/wp-json\/wp\/v2\/comments?post=5027"}],"version-history":[{"count":92,"href":"https:\/\/ajtel.net\/W\/wp-json\/wp\/v2\/pages\/5027\/revisions"}],"predecessor-version":[{"id":5772,"href":"https:\/\/ajtel.net\/W\/wp-json\/wp\/v2\/pages\/5027\/revisions\/5772"}],"wp:attachment":[{"href":"https:\/\/ajtel.net\/W\/wp-json\/wp\/v2\/media?parent=5027"}],"curies":[{"name":"wp","href":"https:\/\/api.w.org\/{rel}","templated":true}]}}