{"id":5960,"date":"2026-03-28T15:51:05","date_gmt":"2026-03-28T21:51:05","guid":{"rendered":"https:\/\/ajtel.net\/W\/?page_id=5960"},"modified":"2026-03-28T15:56:02","modified_gmt":"2026-03-28T21:56:02","slug":"tutoriales","status":"publish","type":"page","link":"https:\/\/ajtel.net\/W\/tutoriales\/","title":{"rendered":"Tutoriales"},"content":{"rendered":"\t\t<div data-elementor-type=\"wp-page\" data-elementor-id=\"5960\" class=\"elementor elementor-5960\" data-elementor-post-type=\"page\">\n\t\t\t\t<div class=\"elementor-element elementor-element-0dca945 e-flex e-con-boxed e-con e-parent\" data-id=\"0dca945\" data-element_type=\"container\" data-e-type=\"container\">\n\t\t\t\t\t<div class=\"e-con-inner\">\n\t\t\t\t<div class=\"elementor-element elementor-element-fad0189 exad-sticky-section-no exad-glass-effect-no elementor-widget elementor-widget-html\" data-id=\"fad0189\" data-element_type=\"widget\" data-e-type=\"widget\" data-widget_type=\"html.default\">\n\t\t\t\t\t<!-- \u2550\u2550\u2550\u2550\u2550\u2550\u2550\u2550\u2550\u2550\u2550\u2550\u2550\u2550\u2550\u2550\u2550\u2550\u2550\u2550\u2550\u2550\u2550\u2550\u2550\u2550\u2550\u2550\u2550\u2550\u2550\u2550\u2550\u2550\u2550\u2550\u2550\u2550\u2550\u2550\u2550\u2550\u2550\u2550\u2550\u2550\u2550\u2550\u2550\u2550\r\n     AJTEL \u00b7 \u00cdndice Tutoriales Bria\r\n     Elementor HTML \u2192 activar Stretch Section\r\n     \u2550\u2550\u2550\u2550\u2550\u2550\u2550\u2550\u2550\u2550\u2550\u2550\u2550\u2550\u2550\u2550\u2550\u2550\u2550\u2550\u2550\u2550\u2550\u2550\u2550\u2550\u2550\u2550\u2550\u2550\u2550\u2550\u2550\u2550\u2550\u2550\u2550\u2550\u2550\u2550\u2550\u2550\u2550\u2550\u2550\u2550\u2550\u2550\u2550\u2550 -->\r\n<style>\r\n@import url('https:\/\/fonts.googleapis.com\/css2?family=Montserrat:ital,wght@0,300;0,400;0,500;0,600;0,700;0,800;0,900;1,400&display=swap');\r\n\r\n.ajt-bg-wrap {\r\n  position: relative;\r\n  width: 100%;\r\n  overflow: hidden;\r\n  font-family: 'Montserrat', sans-serif;\r\n  color: white;\r\n  \/* Degradado AJTEL *\/\r\n  background: linear-gradient(135deg,\r\n    #031525 0%, #042040 20%, #053570 42%,\r\n    #0057aa 62%, #0080cc 80%, #00a8d8 100%);\r\n}\r\n\r\n\/* Logos blancos flotando \u2014 t\u00e9cnica exacta Yupitel: background-position animado *\/\r\n.ajt-bg-wrap::before {\r\n  content: '';\r\n  position: absolute;\r\n  inset: 0;\r\n  background-image:\r\n    url('https:\/\/ajtel.net\/W\/wp-content\/uploads\/2021\/02\/Logomodificadooriginal.png'),\r\n    url('https:\/\/ajtel.net\/W\/wp-content\/uploads\/2021\/02\/Logomodificadooriginal.png'),\r\n    url('https:\/\/ajtel.net\/W\/wp-content\/uploads\/2021\/02\/Logomodificadooriginal.png');\r\n  background-size:     15%, 12%, 18%;\r\n  background-position: 10% 20%, 80% 60%, 50% 80%;\r\n  background-repeat:   no-repeat;\r\n  opacity: 0.13;\r\n  filter: brightness(0) invert(1);\r\n  animation:\r\n    ajt-bgMove1 25s ease-in-out infinite,\r\n    ajt-bgMove2 30s ease-in-out infinite reverse,\r\n    ajt-bgMove3 35s ease-in-out infinite;\r\n  pointer-events: none;\r\n  z-index: 0;\r\n}\r\n\r\n\/* Grid decorativo *\/\r\n.ajt-bg-wrap::after {\r\n  content: '';\r\n  position: absolute;\r\n  inset: 0;\r\n  background-image:\r\n    linear-gradient(rgba(255,255,255,0.025) 1px, transparent 1px),\r\n    linear-gradient(90deg, rgba(255,255,255,0.025) 1px, transparent 1px);\r\n  background-size: 44px 44px;\r\n  pointer-events: none;\r\n  z-index: 0;\r\n}\r\n\r\n\/* Keyframes exactos de Yupitel \u2014 mueven background-position *\/\r\n@keyframes ajt-bgMove1 {\r\n  0%,100% { background-position: 10% 20%, 80% 60%, 50% 80%; }\r\n  25%     { background-position: 20% 10%, 70% 70%, 40% 90%; }\r\n  50%     { background-position: 80% 30%, 30% 40%, 60% 10%; }\r\n  75%     { background-position: 70% 80%, 90% 20%, 20% 70%; }\r\n}\r\n@keyframes ajt-bgMove2 {\r\n  0%,100% { background-position: 80% 60%, 10% 20%, 50% 80%; }\r\n  33%     { background-position: 90% 10%, 20% 90%, 30% 30%; }\r\n  66%     { background-position: 10% 80%, 70% 10%, 80% 60%; }\r\n}\r\n@keyframes ajt-bgMove3 {\r\n  0%,100% { background-position: 50% 80%, 10% 20%, 80% 60%; }\r\n  40%     { background-position: 30% 10%, 90% 70%, 20% 30%; }\r\n  80%     { background-position: 70% 90%, 40% 20%, 60% 80%; }\r\n}\r\n\r\n.ajt-bg-content {\r\n  position: relative;\r\n  z-index: 1;\r\n}\r\n\r\n.ajt-idx * { box-sizing: border-box; margin: 0; padding: 0; }\r\n\r\n.ajt-idx {\r\n  --glass-bg:      rgba(0,0,0,0.28);\r\n  --glass-bg2:     rgba(0,0,0,0.38);\r\n  --glass-border:  rgba(255,255,255,0.15);\r\n  --glass-border2: rgba(255,255,255,0.30);\r\n  --blur:          blur(20px);\r\n  --blur-sm:       blur(12px);\r\n  --accent:   #40d0ff;\r\n  --accent2:  #1a8fff;\r\n  --green:    #00e5a0;\r\n  --yellow:   #ffc93c;\r\n  --red:      #ff5c7a;\r\n  --text:     #ffffff;\r\n  --text-dim: rgba(255,255,255,0.85);\r\n  --text-muted: rgba(255,255,255,0.50);\r\n  --mono: 'Montserrat', sans-serif;\r\n  --sans: 'Montserrat', sans-serif;\r\n\r\n  font-family: \"Montserrat\", sans-serif;\r\n  color: #fff;\r\n}\r\n\r\n\/* \u2500\u2500 Encabezado \u2500\u2500 *\/\r\n.ajt-idx__header {\r\n  text-align: center;\r\n  margin-bottom: 14px;\r\n}\r\n\r\n.ajt-idx__eyebrow {\r\n  display: inline-flex;\r\n  align-items: center;\r\n  gap: 8px;\r\n  background: var(--glass-bg);\r\n  border: 1px solid var(--glass-border);\r\n  backdrop-filter: var(--blur-sm);\r\n  -webkit-backdrop-filter: var(--blur-sm);\r\n  border-radius: 100px;\r\n  padding: 6px 16px;\r\n  font-family: var(--mono);\r\n  font-size: 10px;\r\n  font-weight: 700;\r\n  letter-spacing: 0.15em;\r\n  color: var(--green);\r\n  text-transform: uppercase;\r\n  margin-bottom: 22px;\r\n}\r\n\r\n.ajt-idx__eyebrow-dot {\r\n  width: 6px; height: 6px;\r\n  border-radius: 50%;\r\n  background: var(--green);\r\n  box-shadow: 0 0 8px var(--green);\r\n  animation: ajt-idx-pulse 2s infinite;\r\n}\r\n\r\n@keyframes ajt-idx-pulse {\r\n  0%,100% { opacity:1; transform:scale(1); }\r\n  50%      { opacity:0.35; transform:scale(0.75); }\r\n}\r\n\r\n.ajt-idx__title {\r\n  font-size: clamp(28px, 5vw, 48px);\r\n  font-weight: 800;\r\n  line-height: 1.1;\r\n  letter-spacing: -0.025em;\r\n  background: linear-gradient(135deg, #ffffff 0%, var(--accent) 100%);\r\n  -webkit-background-clip: text;\r\n  -webkit-text-fill-color: transparent;\r\n  background-clip: text;\r\n  margin-bottom: 14px;\r\n}\r\n\r\n.ajt-idx__sub {\r\n  font-family: var(--mono);\r\n  font-size: 12px;\r\n  color: var(--text-muted);\r\n  letter-spacing: 0.05em;\r\n  line-height: 1.8;\r\n  margin-bottom: 48px;\r\n}\r\n.ajt-idx__sub b { color: var(--accent); font-weight: 600; }\r\n\r\n\/* \u2500\u2500 Grid de tarjetas \u2500\u2500 *\/\r\n.ajt-idx__grid {\r\n  display: grid;\r\n  grid-template-columns: repeat(3, 1fr);\r\n  gap: 20px;\r\n  max-width: 900px;\r\n  margin: 0 auto 48px;\r\n}\r\n\r\n@media (max-width: 700px) {\r\n  .ajt-idx__grid { grid-template-columns: 1fr; max-width: 420px; }\r\n}\r\n\r\n\/* \u2500\u2500 Tarjeta \u2500\u2500 *\/\r\n.ajt-card-tut {\r\n  position: relative;\r\n  background: var(--glass-bg);\r\n  border: 1px solid var(--glass-border);\r\n  backdrop-filter: var(--blur);\r\n  -webkit-backdrop-filter: var(--blur);\r\n  border-radius: 20px;\r\n  padding: 32px 24px 28px;\r\n  text-decoration: none;\r\n  color: var(--text);\r\n  display: flex;\r\n  flex-direction: column;\r\n  align-items: center;\r\n  gap: 18px;\r\n  overflow: hidden;\r\n  transition: background 0.25s, border-color 0.25s, transform 0.25s, box-shadow 0.25s;\r\n  cursor: pointer;\r\n}\r\n\r\n.ajt-card-tut::before {\r\n  content: '';\r\n  position: absolute;\r\n  inset: 0;\r\n  border-radius: 20px;\r\n  background: linear-gradient(135deg, rgba(255,255,255,0.06) 0%, transparent 60%);\r\n  pointer-events: none;\r\n}\r\n\r\n.ajt-card-tut:hover {\r\n  background: var(--glass-bg2);\r\n  border-color: var(--glass-border2);\r\n  transform: translateY(-5px);\r\n  box-shadow: 0 20px 48px rgba(0,0,0,0.3), 0 0 0 1px rgba(255,255,255,0.12);\r\n  text-decoration: none;\r\n  color: var(--text);\r\n}\r\n\r\n\/* Accent glow line en hover *\/\r\n.ajt-card-tut::after {\r\n  content: '';\r\n  position: absolute;\r\n  bottom: 0; left: 20%; right: 20%;\r\n  height: 2px;\r\n  border-radius: 2px;\r\n  background: var(--card-color, var(--accent));\r\n  opacity: 0;\r\n  transition: opacity 0.25s, left 0.25s, right 0.25s;\r\n  box-shadow: 0 0 12px var(--card-color, var(--accent));\r\n}\r\n\r\n.ajt-card-tut:hover::after {\r\n  opacity: 1;\r\n  left: 10%; right: 10%;\r\n}\r\n\r\n\/* Colores individuales *\/\r\n.ajt-card-tut--iphone { --card-color: #00c2ff; }\r\n.ajt-card-tut--android { --card-color: #00e5a0; }\r\n.ajt-card-tut--pc      { --card-color: #ffc93c; }\r\n\r\n\/* \u2500\u2500 \u00cdcono \u2500\u2500 *\/\r\n.ajt-card-tut__icon {\r\n  width: 72px; height: 72px;\r\n  border-radius: 18px;\r\n  background: rgba(255,255,255,0.07);\r\n  border: 1px solid rgba(255,255,255,0.15);\r\n  display: flex;\r\n  align-items: center;\r\n  justify-content: center;\r\n  flex-shrink: 0;\r\n  transition: background 0.25s, box-shadow 0.25s;\r\n}\r\n\r\n.ajt-card-tut:hover .ajt-card-tut__icon {\r\n  background: rgba(255,255,255,0.12);\r\n  box-shadow: 0 0 20px rgba(0,0,0,0.2);\r\n}\r\n\r\n.ajt-card-tut__icon svg {\r\n  width: 36px; height: 36px;\r\n}\r\n\r\n\/* \u2500\u2500 Texto \u2500\u2500 *\/\r\n.ajt-card-tut__os {\r\n  font-family: var(--mono);\r\n  font-size: 10px;\r\n  font-weight: 700;\r\n  letter-spacing: 0.14em;\r\n  text-transform: uppercase;\r\n  opacity: 0.5;\r\n  margin-bottom: 4px;\r\n}\r\n\r\n.ajt-card-tut__name {\r\n  font-size: 20px;\r\n  font-weight: 800;\r\n  letter-spacing: -0.01em;\r\n  text-align: center;\r\n  line-height: 1.2;\r\n}\r\n\r\n.ajt-card-tut__desc {\r\n  font-family: var(--mono);\r\n  font-size: 11px;\r\n  color: var(--text-muted);\r\n  text-align: center;\r\n  line-height: 1.7;\r\n  flex: 1;\r\n}\r\n\r\n\/* \u2500\u2500 Badge plataforma \u2500\u2500 *\/\r\n.ajt-card-tut__badge {\r\n  display: flex;\r\n  align-items: center;\r\n  gap: 6px;\r\n  background: rgba(255,255,255,0.06);\r\n  border: 1px solid rgba(255,255,255,0.13);\r\n  border-radius: 100px;\r\n  padding: 5px 14px;\r\n  font-family: var(--mono);\r\n  font-size: 10px;\r\n  font-weight: 600;\r\n  letter-spacing: 0.1em;\r\n  color: var(--card-color, var(--accent));\r\n  text-transform: uppercase;\r\n  margin-top: 4px;\r\n  transition: background 0.2s;\r\n}\r\n\r\n.ajt-card-tut:hover .ajt-card-tut__badge {\r\n  background: rgba(255,255,255,0.1);\r\n}\r\n\r\n.ajt-card-tut__badge svg {\r\n  width: 10px; height: 10px;\r\n  stroke: var(--card-color, var(--accent));\r\n  transition: transform 0.2s;\r\n}\r\n\r\n.ajt-card-tut:hover .ajt-card-tut__badge svg {\r\n  transform: translateX(3px);\r\n}\r\n\r\n\/* \u2500\u2500 Seguridad \u2500\u2500 *\/\r\n.ajt-idx__sec {\r\n  display: flex;\r\n  justify-content: center;\r\n  gap: 12px;\r\n  flex-wrap: wrap;\r\n}\r\n\r\n.ajt-idx__sec-pill {\r\n  display: flex;\r\n  align-items: center;\r\n  gap: 7px;\r\n  background: var(--glass-bg);\r\n  border: 1px solid var(--glass-border);\r\n  backdrop-filter: var(--blur-sm);\r\n  -webkit-backdrop-filter: var(--blur-sm);\r\n  border-radius: 100px;\r\n  padding: 6px 16px;\r\n  font-family: var(--mono);\r\n  font-size: 10px;\r\n  font-weight: 600;\r\n  letter-spacing: 0.08em;\r\n  color: var(--text-dim);\r\n}\r\n\r\n.ajt-idx__dot {\r\n  width: 6px; height: 6px; border-radius: 50%;\r\n  animation: ajt-idx-pulse 2.2s infinite;\r\n}\r\n.ajt-idx__dot--b { background: var(--accent);  box-shadow: 0 0 7px var(--accent); }\r\n.ajt-idx__dot--g { background: var(--green);   box-shadow: 0 0 7px var(--green);  animation-delay:.4s }\r\n.ajt-idx__dot--y { background: var(--yellow);  box-shadow: 0 0 7px var(--yellow); animation-delay:.8s }\r\n\r\n\r\n.ajt-bg-wrap {\r\n  position: relative;\r\n  overflow: hidden;\r\n  border-radius: 22px;\r\n  \/* Degradado marca AJTEL \u2014 azul profundo \u2192 cyan *\/\r\n  background: linear-gradient(135deg,\r\n    #031628 0%,\r\n    #042444 20%,\r\n    #063670 42%,\r\n    #0055a5 62%,\r\n    #0088cc 80%,\r\n    #00b4d8 100%\r\n  );\r\n}\r\n\r\n\/* Grid tenue encima del degradado *\/\r\n\r\n\r\n\/* \u2500\u2500\u2500 Logos flotantes (marca de agua) \u2500\u2500\u2500 *\/\r\n\r\n\r\n\r\n\r\n\/* Logo 1 \u2014 grande, esquina sup-derecha, gira lento *\/\r\n\r\n\r\n\/* Logo 2 \u2014 mediano, centro-izquierda, flotaci\u00f3n vertical *\/\r\n\r\n\r\n\/* Logo 3 \u2014 peque\u00f1o, esquina inf-izq, deriva diagonal *\/\r\n\r\n\r\n\/* Logo 4 \u2014 muy grande, centro-derecha, pulsa suave *\/\r\n\r\n\r\n@keyframes ajt-wm1 {\r\n  0%   { transform: rotate(-8deg)  scale(1);    opacity: 0.05; }\r\n  50%  { transform: rotate(4deg)   scale(1.06); opacity: 0.08; }\r\n  100% { transform: rotate(-14deg) scale(0.96); opacity: 0.04; }\r\n}\r\n@keyframes ajt-wm2 {\r\n  0%   { transform: translateY(0px)   rotate(5deg);  }\r\n  50%  { transform: translateY(-28px) rotate(-3deg); }\r\n  100% { transform: translateY(14px)  rotate(8deg);  }\r\n}\r\n@keyframes ajt-wm3 {\r\n  0%   { transform: translate(0,0)     rotate(0deg);   opacity: 0.05; }\r\n  50%  { transform: translate(20px,-18px) rotate(12deg); opacity: 0.08; }\r\n  100% { transform: translate(-10px,8px)  rotate(-6deg);  opacity: 0.04; }\r\n}\r\n@keyframes ajt-wm4 {\r\n  0%   { transform: scale(1)    rotate(0deg);   opacity: 0.03; }\r\n  50%  { transform: scale(1.08) rotate(-5deg);  opacity: 0.055; }\r\n  100% { transform: scale(0.95) rotate(3deg);   opacity: 0.025; }\r\n}\r\n\r\n\/* \u2500\u2500\u2500 Contenido encima de todo \u2500\u2500\u2500 *\/\r\n.ajt-bg-content {\r\n  position: relative;\r\n  z-index: 1;\r\n}\r\n<\/style>\r\n\r\n<div class=\"ajt-bg-wrap\">\r\n  <div class=\"ajt-bg-content\">\r\n    <div class=\"ajt-idx\">\r\n<div class=\"ajt-idx\">\r\n<!-- Encabezado -->\r\n  <div class=\"ajt-idx__header\">\r\n    <div class=\"ajt-idx__eyebrow\">\r\n      <span class=\"ajt-idx__eyebrow-dot\"><\/span>\r\n      Tutoriales de Configuraci\u00f3n\r\n    <\/div>\r\n    <div class=\"ajt-idx__title\">Conecta tu l\u00ednea AJTEL<br>o extensi\u00f3n en cualquier dispositivo<\/div>\r\n    <p class=\"ajt-idx__sub\">\r\n      Selecciona tu plataforma para ver el tutorial paso a paso.<br>\r\n      Todos los tutoriales usan <b>TLS<\/b> + <b>SRTP<\/b> para m\u00e1xima seguridad.\r\n    <\/p>\r\n  <\/div>\r\n\r\n  <!-- Tarjetas -->\r\n  <div class=\"ajt-idx__grid\">\r\n\r\n    <!-- iPhone \/ Mac -->\r\n    <a class=\"ajt-card-tut ajt-card-tut--iphone\" href=\"tutorial-iphone-bria\">\r\n      <div class=\"ajt-card-tut__icon\">\r\n        <!-- Apple icon -->\r\n        <svg viewBox=\"0 0 24 24\" fill=\"none\" xmlns=\"http:\/\/www.w3.org\/2000\/svg\">\r\n          <path d=\"M18.71 19.5c-.83 1.24-1.71 2.45-3.05 2.47-1.34.03-1.77-.79-3.29-.79-1.53 0-2 .77-3.27.82-1.31.05-2.3-1.32-3.14-2.53C4.25 17 2.94 12.45 4.7 9.39c.87-1.52 2.43-2.48 4.12-2.51 1.28-.02 2.5.87 3.29.87.78 0 2.26-1.07 3.8-.91.65.03 2.47.26 3.64 1.98-.09.06-2.17 1.28-2.15 3.81.03 3.02 2.65 4.03 2.68 4.04-.03.07-.42 1.44-1.38 2.83M13 3.5c.73-.83 1.94-1.46 2.94-1.5.13 1.17-.34 2.35-1.04 3.19-.69.85-1.83 1.51-2.95 1.42-.15-1.15.41-2.35 1.05-3.11z\" fill=\"#00c2ff\"\/>\r\n        <\/svg>\r\n      <\/div>\r\n      <div>\r\n        <div class=\"ajt-card-tut__os\">iPhone \u00b7 Mac<\/div>\r\n        <div class=\"ajt-card-tut__name\">Tutorial<br>iPhone \/ Mac<\/div>\r\n      <\/div>\r\n      <div class=\"ajt-card-tut__desc\">\r\n        Configura Bria en tu iPhone o Mac con TLS y SRTP. Gu\u00eda visual paso a paso.\r\n      <\/div>\r\n      <div class=\"ajt-card-tut__badge\">\r\n        Ver tutorial\r\n        <svg viewBox=\"0 0 24 24\" fill=\"none\" stroke-width=\"2.5\" stroke-linecap=\"round\" stroke-linejoin=\"round\"><path d=\"M5 12h14M12 5l7 7-7 7\"\/><\/svg>\r\n      <\/div>\r\n    <\/a>\r\n\r\n    <!-- Android -->\r\n    <a class=\"ajt-card-tut ajt-card-tut--android\" href=\"tutorial-android\">\r\n      <div class=\"ajt-card-tut__icon\">\r\n        <!-- Android official logo -->\r\n        <svg viewBox=\"0 0 24 24\" xmlns=\"http:\/\/www.w3.org\/2000\/svg\" fill=\"#00e5a0\">\r\n          <path d=\"M17.523 0.976l-1.456 2.523a7.954 7.954 0 0 0-8.134 0L6.477.976a.5.5 0 1 0-.868.5l1.402 2.428A7.94 7.94 0 0 0 4 10h16a7.94 7.94 0 0 0-3.011-6.096L18.39 1.476a.5.5 0 1 0-.867-.5zM8.5 7a1 1 0 1 1 0-2 1 1 0 0 1 0 2zm7 0a1 1 0 1 1 0-2 1 1 0 0 1 0 2zM4 11v7a2 2 0 0 0 2 2h.5v2.5a1.5 1.5 0 0 0 3 0V20h5v2.5a1.5 1.5 0 0 0 3 0V20H18a2 2 0 0 0 2-2v-7H4zM1.5 11A1.5 1.5 0 0 0 0 12.5v5a1.5 1.5 0 0 0 3 0v-5A1.5 1.5 0 0 0 1.5 11zm21 0A1.5 1.5 0 0 0 21 12.5v5a1.5 1.5 0 0 0 3 0v-5A1.5 1.5 0 0 0 22.5 11z\"\/>\r\n        <\/svg>\r\n      <\/div>\r\n      <div>\r\n        <div class=\"ajt-card-tut__os\">Android<\/div>\r\n        <div class=\"ajt-card-tut__name\">Tutorial<br>Android<\/div>\r\n      <\/div>\r\n      <div class=\"ajt-card-tut__desc\">\r\n        Configura Bria en tu dispositivo Android con conexi\u00f3n segura cifrada.\r\n      <\/div>\r\n      <div class=\"ajt-card-tut__badge\">\r\n        Ver tutorial\r\n        <svg viewBox=\"0 0 24 24\" fill=\"none\" stroke-width=\"2.5\" stroke-linecap=\"round\" stroke-linejoin=\"round\"><path d=\"M5 12h14M12 5l7 7-7 7\"\/><\/svg>\r\n      <\/div>\r\n    <\/a>\r\n\r\n    <!-- PC \/ Windows -->\r\n    <a class=\"ajt-card-tut ajt-card-tut--pc\" href=\"tutorial-pc\">\r\n      <div class=\"ajt-card-tut__icon\">\r\n        <!-- Monitor icon -->\r\n        <svg viewBox=\"0 0 24 24\" fill=\"none\" stroke=\"#ffc93c\" stroke-width=\"1.8\" stroke-linecap=\"round\" stroke-linejoin=\"round\" xmlns=\"http:\/\/www.w3.org\/2000\/svg\">\r\n          <rect x=\"2\" y=\"3\" width=\"20\" height=\"14\" rx=\"2\"\/>\r\n          <path d=\"M8 21h8M12 17v4\"\/>\r\n        <\/svg>\r\n      <\/div>\r\n      <div>\r\n        <div class=\"ajt-card-tut__os\">Windows \u00b7 PC<\/div>\r\n        <div class=\"ajt-card-tut__name\">Tutorial<br>PC \/ Windows<\/div>\r\n      <\/div>\r\n      <div class=\"ajt-card-tut__desc\">\r\n        Instala y configura Bria en tu computadora Windows con audio cifrado SRTP.\r\n      <\/div>\r\n      <div class=\"ajt-card-tut__badge\">\r\n        Ver tutorial\r\n        <svg viewBox=\"0 0 24 24\" fill=\"none\" stroke-width=\"2.5\" stroke-linecap=\"round\" stroke-linejoin=\"round\"><path d=\"M5 12h14M12 5l7 7-7 7\"\/><\/svg>\r\n      <\/div>\r\n    <\/a>\r\n\r\n  <\/div><!-- \/.ajt-idx__grid -->\r\n\r\n  <!-- Pills de seguridad -->\r\n  <div class=\"ajt-idx__sec\">\r\n    <div class=\"ajt-idx__sec-pill\"><span class=\"ajt-idx__dot ajt-idx__dot--b\"><\/span> Se\u00f1alizaci\u00f3n TLS cifrada<\/div>\r\n    <div class=\"ajt-idx__sec-pill\"><span class=\"ajt-idx__dot ajt-idx__dot--g\"><\/span> Audio SRTP cifrado<\/div>\r\n    <div class=\"ajt-idx__sec-pill\"><span class=\"ajt-idx__dot ajt-idx__dot--y\"><\/span> Puerto 5061<\/div>\r\n  <\/div>\r\n    <\/div><!-- \/.ajt-idx -->\r\n    <\/div>\r\n  <\/div>\r\n<\/div>\t\t\t\t<\/div>\n\t\t\t\t\t<\/div>\n\t\t\t\t<\/div>\n\t\t\t\t<\/div>\n\t\t","protected":false},"excerpt":{"rendered":"<p>Tutoriales de Configuraci\u00f3n Conecta tu l\u00ednea AJTELo extensi\u00f3n en cualquier dispositivo Selecciona tu plataforma para ver el tutorial paso a paso. Todos los tutoriales usan TLS + SRTP para m\u00e1xima seguridad. iPhone \u00b7 Mac TutorialiPhone \/ Mac Configura Bria en tu iPhone o Mac con TLS y SRTP. Gu\u00eda visual paso a paso. Ver tutorial [&hellip;]<\/p>\n","protected":false},"author":1,"featured_media":0,"parent":0,"menu_order":0,"comment_status":"closed","ping_status":"closed","template":"","meta":{"advanced_seo_description":"","jetpack_seo_html_title":"","jetpack_seo_noindex":false,"footnotes":""},"class_list":["post-5960","page","type-page","status-publish","hentry"],"jetpack_sharing_enabled":true,"_links":{"self":[{"href":"https:\/\/ajtel.net\/W\/wp-json\/wp\/v2\/pages\/5960","targetHints":{"allow":["GET"]}}],"collection":[{"href":"https:\/\/ajtel.net\/W\/wp-json\/wp\/v2\/pages"}],"about":[{"href":"https:\/\/ajtel.net\/W\/wp-json\/wp\/v2\/types\/page"}],"author":[{"embeddable":true,"href":"https:\/\/ajtel.net\/W\/wp-json\/wp\/v2\/users\/1"}],"replies":[{"embeddable":true,"href":"https:\/\/ajtel.net\/W\/wp-json\/wp\/v2\/comments?post=5960"}],"version-history":[{"count":11,"href":"https:\/\/ajtel.net\/W\/wp-json\/wp\/v2\/pages\/5960\/revisions"}],"predecessor-version":[{"id":5999,"href":"https:\/\/ajtel.net\/W\/wp-json\/wp\/v2\/pages\/5960\/revisions\/5999"}],"wp:attachment":[{"href":"https:\/\/ajtel.net\/W\/wp-json\/wp\/v2\/media?parent=5960"}],"curies":[{"name":"wp","href":"https:\/\/api.w.org\/{rel}","templated":true}]}}