{"id":952,"date":"2021-03-10T14:10:50","date_gmt":"2021-03-10T20:10:50","guid":{"rendered":"http:\/\/ajtel.net\/W\/?page_id=952"},"modified":"2026-01-09T21:38:01","modified_gmt":"2026-01-10T03:38:01","slug":"telefonia","status":"publish","type":"page","link":"https:\/\/ajtel.net\/W\/telefonia\/","title":{"rendered":"Telefon\u00eda"},"content":{"rendered":"\t\t<div data-elementor-type=\"wp-page\" data-elementor-id=\"952\" class=\"elementor elementor-952\" data-elementor-post-type=\"page\">\n\t\t\t\t\t\t<section class=\"elementor-section elementor-top-section elementor-element elementor-element-c9d6551 elementor-section-boxed elementor-section-height-default elementor-section-height-default exad-glass-effect-no exad-sticky-section-no\" data-id=\"c9d6551\" data-element_type=\"section\" data-e-type=\"section\">\n\t\t\t\t\t\t<div class=\"elementor-container elementor-column-gap-default\">\n\t\t\t\t\t<div class=\"elementor-column elementor-col-100 elementor-top-column elementor-element elementor-element-8c3adb3 exad-glass-effect-no exad-sticky-section-no\" data-id=\"8c3adb3\" data-element_type=\"column\" data-e-type=\"column\">\n\t\t\t<div class=\"elementor-widget-wrap elementor-element-populated\">\n\t\t\t\t\t\t<div class=\"elementor-element elementor-element-e38adee exad-sticky-section-no exad-glass-effect-no elementor-widget elementor-widget-html\" data-id=\"e38adee\" data-element_type=\"widget\" data-e-type=\"widget\" data-widget_type=\"html.default\">\n\t\t\t\t\t<!DOCTYPE html>\r\n<html lang=\"es\">\r\n<head>\r\n  <meta charset=\"UTF-8\">\r\n  <meta name=\"viewport\" content=\"width=device-width, initial-scale=1.0\">\r\n  <title>Telefon\u00eda - AJTEL Comunicaciones<\/title>\r\n  <style>\r\n    * { margin: 0; padding: 0; box-sizing: border-box; }\r\n    body { \r\n      font-family: 'Segoe UI', Tahoma, Geneva, Verdana, sans-serif;\r\n      background: linear-gradient(135deg, #f5f7fa 0%, #c3cfe2 100%);\r\n      color: #333;\r\n    }\r\n    \r\n    .ajtel-container { max-width: 1200px; margin: 0 auto; padding: 50px 25px; }\r\n    \r\n    \/* Hero Section *\/\r\n    .ajtel-hero-telefonia {\r\n      background: linear-gradient(135deg, rgba(26,115,232,0.15) 0%, rgba(52,168,83,0.1) 100%);\r\n      backdrop-filter: blur(20px);\r\n      border-radius: 20px;\r\n      padding: 80px 50px;\r\n      margin-bottom: 70px;\r\n      border: 1px solid rgba(255,255,255,0.4);\r\n      box-shadow: 0 15px 40px rgba(0,0,0,0.15);\r\n      text-align: center;\r\n    }\r\n    \r\n    .ajtel-hero-telefonica h1 {\r\n      font-size: 3.5em;\r\n      color: #1a73e8;\r\n      margin-bottom: 20px;\r\n      font-weight: 700;\r\n      letter-spacing: -0.5px;\r\n    }\r\n    \r\n    .ajtel-hero-telefonica p {\r\n      font-size: 1.5em;\r\n      color: #555;\r\n      margin-bottom: 30px;\r\n      line-height: 1.8;\r\n      font-weight: 500;\r\n    }\r\n    \r\n    .ajtel-subtitle-telefonica {\r\n      font-size: 1.2em;\r\n      color: #34a853;\r\n      font-weight: 600;\r\n    }\r\n    \r\n    \/* Services Grid *\/\r\n    .ajtel-services-section {\r\n      margin: 70px 0;\r\n    }\r\n    \r\n    .ajtel-services-grid {\r\n      display: grid;\r\n      grid-template-columns: repeat(auto-fit, minmax(340px, 1fr));\r\n      gap: 30px;\r\n    }\r\n    \r\n    .ajtel-service-card {\r\n      background: rgba(255,255,255,0.85);\r\n      backdrop-filter: blur(20px);\r\n      border-radius: 20px;\r\n      padding: 0;\r\n      border: 1px solid rgba(255,255,255,0.4);\r\n      box-shadow: 0 15px 40px rgba(0,0,0,0.08);\r\n      transition: all 0.35s cubic-bezier(0.23, 1, 0.320, 1);\r\n      overflow: hidden;\r\n      text-decoration: none;\r\n      color: inherit;\r\n      display: flex;\r\n      flex-direction: column;\r\n    }\r\n    \r\n    .ajtel-service-card:hover {\r\n      transform: translateY(-15px);\r\n      box-shadow: 0 30px 60px rgba(0,0,0,0.15);\r\n    }\r\n    \r\n    .ajtel-service-header {\r\n      background: linear-gradient(135deg, #1a73e8 0%, #34a853 100%);\r\n      padding: 50px 30px;\r\n      text-align: center;\r\n      display: flex;\r\n      flex-direction: column;\r\n      align-items: center;\r\n      justify-content: center;\r\n      gap: 15px;\r\n    }\r\n    \r\n    .ajtel-service-icon {\r\n      font-size: 3em;\r\n      text-shadow: 0 2px 10px rgba(0,0,0,0.1);\r\n    }\r\n    \r\n    .ajtel-service-title {\r\n      font-size: 1.6em;\r\n      color: white;\r\n      font-weight: 700;\r\n    }\r\n    \r\n    .ajtel-service-body {\r\n      padding: 30px;\r\n      flex: 1;\r\n      display: flex;\r\n      flex-direction: column;\r\n    }\r\n    \r\n    .ajtel-service-description {\r\n      color: #555;\r\n      line-height: 1.7;\r\n      font-size: 0.95em;\r\n      margin-bottom: 20px;\r\n      flex: 1;\r\n    }\r\n    \r\n    .ajtel-service-features {\r\n      list-style: none;\r\n      margin: 20px 0;\r\n    }\r\n    \r\n    .ajtel-service-features li {\r\n      color: #555;\r\n      padding: 8px 0;\r\n      padding-left: 25px;\r\n      position: relative;\r\n      font-size: 0.9em;\r\n      line-height: 1.5;\r\n    }\r\n    \r\n    .ajtel-service-features li:before {\r\n      content: \"\u2192\";\r\n      position: absolute;\r\n      left: 0;\r\n      color: #34a853;\r\n      font-weight: 700;\r\n      font-size: 1.1em;\r\n    }\r\n    \r\n    .ajtel-service-cta {\r\n      display: inline-block;\r\n      padding: 14px 30px;\r\n      border-radius: 25px;\r\n      font-weight: 700;\r\n      font-size: 0.95em;\r\n      text-decoration: none;\r\n      background: linear-gradient(135deg, #1a73e8 0%, #34a853 100%);\r\n      color: white;\r\n      transition: all 0.35s cubic-bezier(0.23, 1, 0.320, 1);\r\n      box-shadow: 0 8px 20px rgba(26,115,232,0.25);\r\n      text-align: center;\r\n      margin-top: auto;\r\n    }\r\n    \r\n    .ajtel-service-cta:hover {\r\n      transform: translateY(-2px);\r\n      box-shadow: 0 12px 30px rgba(26,115,232,0.35);\r\n    }\r\n    \r\n    \/* Promo Section *\/\r\n    .ajtel-promo-telefonica {\r\n      background: linear-gradient(135deg, rgba(26,115,232,0.85) 0%, rgba(13,153,216,0.85) 50%, rgba(52,168,83,0.85) 100%);\r\n      backdrop-filter: blur(20px);\r\n      border-radius: 20px;\r\n      padding: 60px 50px;\r\n      margin: 70px 0;\r\n      box-shadow: 0 20px 50px rgba(26,115,232,0.3);\r\n      text-align: center;\r\n    }\r\n    \r\n    .ajtel-promo-telefonica h2 {\r\n      color: white;\r\n      font-size: 2.2em;\r\n      margin-bottom: 20px;\r\n      font-weight: 700;\r\n    }\r\n    \r\n    .ajtel-promo-telefonica p {\r\n      color: white;\r\n      font-size: 1.1em;\r\n      margin-bottom: 15px;\r\n      line-height: 1.8;\r\n      max-width: 800px;\r\n      margin-left: auto;\r\n      margin-right: auto;\r\n    }\r\n    \r\n    .ajtel-promo-buttons {\r\n      display: flex;\r\n      gap: 15px;\r\n      justify-content: center;\r\n      margin-top: 30px;\r\n      flex-wrap: wrap;\r\n    }\r\n    \r\n    .ajtel-promo-btn {\r\n      display: inline-block;\r\n      padding: 16px 40px;\r\n      border-radius: 25px;\r\n      font-weight: 700;\r\n      font-size: 1em;\r\n      text-decoration: none;\r\n      transition: all 0.35s cubic-bezier(0.23, 1, 0.320, 1);\r\n      border: none;\r\n      cursor: pointer;\r\n    }\r\n    \r\n    .ajtel-promo-btn-white {\r\n      background: rgba(255,255,255,0.95);\r\n      color: #1a73e8;\r\n      box-shadow: 0 10px 25px rgba(0,0,0,0.2);\r\n    }\r\n    \r\n    .ajtel-promo-btn-white:hover {\r\n      transform: translateY(-3px);\r\n      box-shadow: 0 15px 35px rgba(0,0,0,0.3);\r\n      background: white;\r\n    }\r\n    \r\n    .ajtel-promo-btn-outline {\r\n      background: rgba(255,255,255,0.15);\r\n      color: white;\r\n      border: 2px solid white;\r\n      box-shadow: 0 10px 25px rgba(0,0,0,0.2);\r\n    }\r\n    \r\n    .ajtel-promo-btn-outline:hover {\r\n      transform: translateY(-3px);\r\n      box-shadow: 0 15px 35px rgba(0,0,0,0.3);\r\n      background: rgba(255,255,255,0.25);\r\n    }\r\n    \r\n    \/* Responsive *\/\r\n    @media(max-width:768px) {\r\n      .ajtel-hero-telefonica h1 { font-size: 2em; }\r\n      .ajtel-hero-telefonica p { font-size: 1.1em; }\r\n      .ajtel-services-grid { grid-template-columns: 1fr; }\r\n      .ajtel-service-header { padding: 40px 25px; }\r\n      .ajtel-service-icon { font-size: 2.5em; }\r\n      .ajtel-promo-buttons { flex-direction: column; }\r\n      .ajtel-promo-btn { width: 100%; }\r\n    }\r\n  <\/style>\r\n<\/head>\r\n<body>\r\n  <div class=\"ajtel-container\">\r\n    \r\n    <!-- Hero Section -->\r\n    <div class=\"ajtel-hero-telefonica\">\r\n      <h1>Telefon\u00eda<\/h1>\r\n      <p>Contamos con servicios para todos los niveles<\/p>\r\n      <div class=\"ajtel-subtitle-telefonica\">Soluciones de comunicaci\u00f3n integradas y profesionales<\/div>\r\n    <\/div>\r\n    \r\n    <!-- Services Grid -->\r\n    <div class=\"ajtel-services-section\">\r\n      <div class=\"ajtel-services-grid\">\r\n        \r\n        <!-- Telefon\u00eda Celular -->\r\n        <a href=\"https:\/\/ajtel.net\/W\/celular\/\" class=\"ajtel-service-card\">\r\n          <div class=\"ajtel-service-header\">\r\n            <div class=\"ajtel-service-icon\">\ud83d\udcf1<\/div>\r\n            <div class=\"ajtel-service-title\">Telefon\u00eda Celular<\/div>\r\n          <\/div>\r\n          <div class=\"ajtel-service-body\">\r\n            <p class=\"ajtel-service-description\">Servicios de telefon\u00eda m\u00f3vil confiables y de cobertura nacional e internacional.<\/p>\r\n            <ul class=\"ajtel-service-features\">\r\n              <li>Planes con cobertura nacional<\/li>\r\n              <li>Roaming internacional<\/li>\r\n              <li>Validaci\u00f3n de equipos<\/li>\r\n            <\/ul>\r\n            <button class=\"ajtel-service-cta\">Conocer Planes<\/button>\r\n          <\/div>\r\n        <\/a>\r\n        \r\n        <!-- L\u00ednea Negocio -->\r\n        <a href=\"https:\/\/ajtel.net\/W\/negocio\/\" class=\"ajtel-service-card\">\r\n          <div class=\"ajtel-service-header\">\r\n            <div class=\"ajtel-service-icon\">\ud83d\udcbc<\/div>\r\n            <div class=\"ajtel-service-title\">L\u00ednea Negocio<\/div>\r\n          <\/div>\r\n          <div class=\"ajtel-service-body\">\r\n            <p class=\"ajtel-service-description\">Soluci\u00f3n profesional con 1 l\u00ednea premium y n\u00fameros multiciudad para tu empresa.<\/p>\r\n            <ul class=\"ajtel-service-features\">\r\n              <li>1 l\u00ednea con poderes premium<\/li>\r\n              <li>N\u00fameros multiciudad<\/li>\r\n              <li>1500 minutos nacionales<\/li>\r\n            <\/ul>\r\n            <button class=\"ajtel-service-cta\">Activar Servicio<\/button>\r\n          <\/div>\r\n        <\/a>\r\n        \r\n        <!-- Servicio Residencial -->\r\n        <a href=\"https:\/\/ajtel.net\/W\/residencial\/\" class=\"ajtel-service-card\">\r\n          <div class=\"ajtel-service-header\">\r\n            <div class=\"ajtel-service-icon\">\ud83c\udfe0<\/div>\r\n            <div class=\"ajtel-service-title\">Servicio Residencial<\/div>\r\n          <\/div>\r\n          <div class=\"ajtel-service-body\">\r\n            <p class=\"ajtel-service-description\">Plan econ\u00f3mico para el hogar con llamadas ilimitadas a 180+ pa\u00edses incluidos.<\/p>\r\n            <ul class=\"ajtel-service-features\">\r\n              <li>Llamadas ilimitadas globales<\/li>\r\n              <li>180+ pa\u00edses incluidos<\/li>\r\n              <li>2 llamadas simult\u00e1neas<\/li>\r\n            <\/ul>\r\n            <button class=\"ajtel-service-cta\">Ver Plan<\/button>\r\n          <\/div>\r\n        <\/a>\r\n        \r\n        <!-- Servicio PYME -->\r\n        <a href=\"https:\/\/ajtel.net\/W\/pymevoice\/\" class=\"ajtel-service-card\">\r\n          <div class=\"ajtel-service-header\">\r\n            <div class=\"ajtel-service-icon\">\ud83d\ude80<\/div>\r\n            <div class=\"ajtel-service-title\">Servicio PYME<\/div>\r\n          <\/div>\r\n          <div class=\"ajtel-service-body\">\r\n            <p class=\"ajtel-service-description\">Mundo PYME Ilimitado con 5 l\u00edneas simult\u00e1neas para peque\u00f1as y medianas empresas.<\/p>\r\n            <ul class=\"ajtel-service-features\">\r\n              <li>Llamadas ilimitadas a 180+ pa\u00edses<\/li>\r\n              <li>5 l\u00edneas telef\u00f3nicas premium<\/li>\r\n              <li>Compatible con Asterisk\/Elastix<\/li>\r\n            <\/ul>\r\n            <button class=\"ajtel-service-cta\">Solicitar Cotizaci\u00f3n<\/button>\r\n          <\/div>\r\n        <\/a>\r\n        \r\n        <!-- Troncales SIP -->\r\n        <a href=\"https:\/\/ajtel.net\/W\/sip\/\" class=\"ajtel-service-card\">\r\n          <div class=\"ajtel-service-header\">\r\n            <div class=\"ajtel-service-icon\">\ud83d\udd17<\/div>\r\n            <div class=\"ajtel-service-title\">Troncales SIP<\/div>\r\n          <\/div>\r\n          <div class=\"ajtel-service-body\">\r\n            <p class=\"ajtel-service-description\">Conectividad SIP profesional para grandes vol\u00famenes de tr\u00e1fico de voz.<\/p>\r\n            <ul class=\"ajtel-service-features\">\r\n              <li>M\u00faltiples canales de voz<\/li>\r\n              <li>Tr\u00e1fico de voz masivo<\/li>\r\n              <li>Integraci\u00f3n empresarial<\/li>\r\n            <\/ul>\r\n            <button class=\"ajtel-service-cta\">Conectar SIP<\/button>\r\n          <\/div>\r\n        <\/a>\r\n        \r\n        <!-- Terminaci\u00f3n de Tr\u00e1fico -->\r\n        <a href=\"https:\/\/ajtel.net\/W\/wholesale\/\" class=\"ajtel-service-card\">\r\n          <div class=\"ajtel-service-header\">\r\n            <div class=\"ajtel-service-icon\">\ud83d\udce1<\/div>\r\n            <div class=\"ajtel-service-title\">Terminaci\u00f3n de Tr\u00e1fico<\/div>\r\n          <\/div>\r\n          <div class=\"ajtel-service-body\">\r\n            <p class=\"ajtel-service-description\">Wholesale de tr\u00e1fico de voz con tarifas competitivas y conexi\u00f3n global.<\/p>\r\n            <ul class=\"ajtel-service-features\">\r\n              <li>Tarifas wholesale competitivas<\/li>\r\n              <li>Cobertura global<\/li>\r\n              <li>Soporte 24\/7<\/li>\r\n            <\/ul>\r\n            <button class=\"ajtel-service-cta\">Contactar Ventas<\/button>\r\n          <\/div>\r\n        <\/a>\r\n        \r\n      <\/div>\r\n    <\/div>\r\n    \r\n    <!-- Promo Section -->\r\n    <div class=\"ajtel-promo-telefonica\">\r\n      <h2>\ud83c\udf10 \u00a1Conecta con el Mundo Entero!<\/h2>\r\n      <p>En AJTEL contamos con la soluci\u00f3n de telefon\u00eda perfecta para ti, ya sea personal, profesional o empresarial. Nuestros servicios est\u00e1n dise\u00f1ados para proporcionar la mejor calidad de comunicaci\u00f3n.<\/p>\r\n      <p style=\"margin-bottom: 30px;\">Con m\u00e1s de 30 a\u00f1os de experiencia, somos tu aliado en telecomunicaciones.<\/p>\r\n      <div class=\"ajtel-promo-buttons\">\r\n        <a href=\"https:\/\/ajtel.net\/cotizalo\/\" class=\"ajtel-promo-btn ajtel-promo-btn-white\">\ud83d\udccb Solicitar Cotizaci\u00f3n<\/a>\r\n        <a href=\"tel:+525585265000\" class=\"ajtel-promo-btn ajtel-promo-btn-outline\">\u260e\ufe0f Llamar Ahora<\/a>\r\n      <\/div>\r\n    <\/div>\r\n    \r\n  <\/div>\r\n<\/body>\r\n<\/html>\t\t\t\t<\/div>\n\t\t\t\t\t<\/div>\n\t\t<\/div>\n\t\t\t\t\t<\/div>\n\t\t<\/section>\n\t\t\t\t<section class=\"elementor-section elementor-top-section elementor-element elementor-element-5d23c28 elementor-section-boxed elementor-section-height-default elementor-section-height-default exad-glass-effect-no exad-sticky-section-no\" data-id=\"5d23c28\" data-element_type=\"section\" data-e-type=\"section\">\n\t\t\t\t\t\t<div class=\"elementor-container elementor-column-gap-default\">\n\t\t\t\t\t<div class=\"elementor-column elementor-col-100 elementor-top-column elementor-element elementor-element-c0689ce exad-glass-effect-no exad-sticky-section-no\" data-id=\"c0689ce\" data-element_type=\"column\" data-e-type=\"column\">\n\t\t\t<div class=\"elementor-widget-wrap elementor-element-populated\">\n\t\t\t\t\t\t<div class=\"elementor-element elementor-element-5489519 exad-sticky-section-no exad-glass-effect-no elementor-widget elementor-widget-facebook-button\" data-id=\"5489519\" data-element_type=\"widget\" data-e-type=\"widget\" data-widget_type=\"facebook-button.default\">\n\t\t\t\t\t\t\t<div data-layout=\"standard\" data-colorscheme=\"light\" data-size=\"small\" data-show-faces=\"false\" class=\"elementor-facebook-widget fb-like\" data-href=\"https:\/\/ajtel.net\/W?p=952\" data-share=\"false\" data-action=\"like\"><\/div>\n\t\t\t\t\t\t<\/div>\n\t\t\t\t\t<\/div>\n\t\t<\/div>\n\t\t\t\t\t<\/div>\n\t\t<\/section>\n\t\t\t\t<\/div>\n\t\t","protected":false},"excerpt":{"rendered":"<p>Telefon\u00eda &#8211; AJTEL Comunicaciones Telefon\u00eda Contamos con servicios para todos los niveles Soluciones de comunicaci\u00f3n integradas y profesionales \ud83d\udcf1 Telefon\u00eda Celular Servicios de telefon\u00eda m\u00f3vil confiables y de cobertura nacional e internacional. Planes con cobertura nacional Roaming internacional Validaci\u00f3n de equipos Conocer Planes \ud83d\udcbc L\u00ednea Negocio Soluci\u00f3n profesional con 1 l\u00ednea premium y n\u00fameros multiciudad [&hellip;]<\/p>\n","protected":false},"author":1,"featured_media":0,"parent":0,"menu_order":0,"comment_status":"closed","ping_status":"closed","template":"","meta":{"advanced_seo_description":"","jetpack_seo_html_title":"","jetpack_seo_noindex":false,"footnotes":""},"class_list":["post-952","page","type-page","status-publish","hentry"],"jetpack_sharing_enabled":true,"_links":{"self":[{"href":"https:\/\/ajtel.net\/W\/wp-json\/wp\/v2\/pages\/952","targetHints":{"allow":["GET"]}}],"collection":[{"href":"https:\/\/ajtel.net\/W\/wp-json\/wp\/v2\/pages"}],"about":[{"href":"https:\/\/ajtel.net\/W\/wp-json\/wp\/v2\/types\/page"}],"author":[{"embeddable":true,"href":"https:\/\/ajtel.net\/W\/wp-json\/wp\/v2\/users\/1"}],"replies":[{"embeddable":true,"href":"https:\/\/ajtel.net\/W\/wp-json\/wp\/v2\/comments?post=952"}],"version-history":[{"count":112,"href":"https:\/\/ajtel.net\/W\/wp-json\/wp\/v2\/pages\/952\/revisions"}],"predecessor-version":[{"id":5884,"href":"https:\/\/ajtel.net\/W\/wp-json\/wp\/v2\/pages\/952\/revisions\/5884"}],"wp:attachment":[{"href":"https:\/\/ajtel.net\/W\/wp-json\/wp\/v2\/media?parent=952"}],"curies":[{"name":"wp","href":"https:\/\/api.w.org\/{rel}","templated":true}]}}